{"id":2075,"date":"2017-09-21T10:56:49","date_gmt":"2017-09-21T07:56:49","guid":{"rendered":"https:\/\/www.evv.ee\/?page_id=2075"},"modified":"2024-01-18T17:37:17","modified_gmt":"2024-01-18T15:37:17","slug":"kontakt-2","status":"publish","type":"page","link":"https:\/\/php83.evv.ee\/en\/kontakt-2\/","title":{"rendered":"Contact"},"content":{"rendered":"<p>[vc_row full_width=&#8221;stretch_row_content&#8221; css=&#8221;.vc_custom_1507628373246{margin-bottom: 0px !important;padding-bottom: 0px !important;}&#8221;][vc_column width=&#8221;1\/3&#8243;][vc_column_text css=&#8221;.vc_custom_1625217597813{margin-left: 100px !important;}&#8221;]<\/p>\n<p style=\"text-align: left;\"><strong>AS Emaj\u00f5e Veev\u00e4rk<\/strong><br \/>\nS\u00f5bra 56 (viies korrus)<br \/>\n50106 Tartu linn, Tartu linn<br \/>\nEESTI<\/p>\n<p>Rg-kood 11044696<br \/>\nTP kood 596413<br \/>\nKMKR nr EE100917417<\/p>\n<p><strong>E-post:<\/strong> e&#118;&#x76;&#x28;\u00e4&#x74;&#x29;ev&#118;&#x2e;&#x65;e<br \/>\n<strong>Telefon:<\/strong> +372 731 1840 (t\u00f6\u00f6p\u00e4evadel 8.00-12.00 ja 13.00-17.00)<br \/>\n<strong>SEB Pank<\/strong> EE371010220077187014<br \/>\n<strong>Swedbank<\/strong> EE412200221039582491<\/p>\n<p style=\"text-align: left;\"><strong>AS Emaj\u00f5e Veev\u00e4rk Elva kontor <\/strong>(suletud)<br \/>\nPuiestee 13<br \/>\n61504 Elva linn, Elva vald<br \/>\nTartu maakond<br \/>\nEESTI<\/p>\n<p>[\/vc_column_text][\/vc_column][vc_column width=&#8221;1\/3&#8243;][vc_column_text]<strong>Veen\u00e4itude teatamine AS Emaj\u00f5e Veev\u00e4rk teeninduspiirkonnas:<\/strong><br \/>\nTelefon: +372 731 1840 (t\u00f6\u00f6p\u00e4evadel 8.00-12.00 ja 13.00-17.00)<br \/>\nE-post: &#97;&#x72;&#118;&#x65;&#115;&#x74;&#105;&#x28;\u00e4&#116;&#x29;&#101;&#x76;&#118;&#x2e;&#101;&#x65;<\/p>\n<p><strong>Avariidest teatamine AS Emaj\u00f5e Veev\u00e4rk teeninduspiirkonnas:<\/strong><br \/>\n+372 51 55077 (24 tundi)<br \/>\n\u00dcldine telefon: +372 731 1840 (t\u00f6\u00f6p\u00e4evadel 8.00-12.00 ja 13.00-17.00)<\/p>\n<p><strong>Purgimisteenustega seotud info AS Emaj\u00f5e Veev\u00e4rk teeninduspiirkonnas:<\/strong><br \/>\nE-post: purgimine(\u00e4t)evv&#46;e&#101;<br \/>\nTelefon: +372 731 1844 (t\u00f6\u00f6p\u00e4evadel 8.00-12.00 ja 13.00-17.00)<\/p>\n<p><strong>AS Emaj\u00f5e Veev\u00e4rk Elva reoveepuhasti<\/strong><br \/>\nElva reoveepuhastusjaam<br \/>\nKurelaane k\u00fcla<br \/>\n61206 Elva vald<br \/>\nTartu maakond<br \/>\nEESTI<\/p>\n<p>[\/vc_column_text][\/vc_column][vc_column width=&#8221;1\/3&#8243;][vc_gmaps link=&#8221;#E-8_JTNDaWZyYW1lJTIwc3JjJTNEJTIyaHR0cHMlM0ElMkYlMkZ3d3cuZ29vZ2xlLmNvbSUyRm1hcHMlMkZlbWJlZCUzRnBiJTNEJTIxMW0xOCUyMTFtMTIlMjExbTMlMjExZDIwOTIuNjc4MDE3NzQ4MzY1NiUyMTJkMjYuNzQwNTE5MTE2MTY2Njg0JTIxM2Q1OC4zNjUxMDE1OTQ5OTUzOTQlMjEybTMlMjExZjAlMjEyZjAlMjEzZjAlMjEzbTIlMjExaTEwMjQlMjEyaTc2OCUyMTRmMTMuMSUyMTNtMyUyMTFtMiUyMTFzMHg0NmViMzcyOTYyMmUxMzdkJTI1M0EweDU1OTgyNzE1MGY2NzU2MWMlMjEyc1MlMjVDMyUyNUI1YnJhJTJCNTYlMjUyQyUyQjUxMDEzJTJCVGFydHUlMjE1ZTAlMjEzbTIlMjExc2V0JTIxMnNlZSUyMTR2MTUwNzMxNjAyNjI3MCUyMiUyMHdpZHRoJTNEJTIyNjAwJTIyJTIwaGVpZ2h0JTNEJTIyMzUwJTIyJTIwZnJhbWVib3JkZXIlM0QlMjIwJTIyJTIwc3R5bGUlM0QlMjJib3JkZXIlM0EwJTIyJTIwYWxsb3dmdWxsc2NyZWVuJTNFJTNDJTJGaWZyYW1lJTNF&#8221;][\/vc_column][\/vc_row][vc_row full_width=&#8221;stretch_row&#8221; css=&#8221;.vc_custom_1485850950590{margin-top: 0px !important;padding-top: 45px !important;padding-bottom: 45px !important;background-color: #f8f9fa !important;}&#8221;][vc_column width=&#8221;1\/4&#8243;][vc_mad_contact_info_block title=&#8221;Andres Aruhein&#8221; phone=&#8221;+372 731 1848&#8243; mail=&#8221;&#x61;&#x6e;&#x64;&#x72;&#x65;&#x73;&#x2e;&#97;&#114;&#117;hein(\u00e4&#x74;&#x29;&#x65;&#x76;&#x76;&#x2e;&#x65;&#101;&#8221;]Juhatuse liige[\/vc_mad_contact_info_block][\/vc_column][vc_column width=&#8221;1\/4&#8243;][vc_mad_contact_info_block phone=&#8221;+372 731 1840&#8243; mail=&#8221;&#x65;&#x76;&#118;(\u00e4&#x74;&#x29;evv&#x2e;&#x65;&#101;&#8221; title=&#8221;Siiri Baranova&#8221;]B\u00fcrooassistent[\/vc_mad_contact_info_block][\/vc_column][vc_column width=&#8221;1\/4&#8243;][vc_mad_contact_info_block title=&#8221;Evelin Metsa\u00e4\u00e4r&#8221; phone=&#8221;+372 731 1840&#8243; mail=&#8221;k&#108;&#x69;&#x65;n&#100;&#x69;&#x68;a&#108;&#x64;&#x75;r&#40;\u00e4t&#41;&#x65;&#x76;v&#46;&#x65;&#x65;&#8221;]Kliendihaldur[\/vc_mad_contact_info_block][\/vc_column][vc_column width=&#8221;1\/4&#8243;][vc_mad_contact_info_block title=&#8221;Indrek Hermandi&#8221; phone=&#8221;+372 731 1840&#8243; mail=&#8221;indr&#101;&#107;&#x2e;&#x68;&#x65;&#x72;&#x6d;andi&#40;\u00e4&#x74;&#x29;&#x65;&#x76;v&#46;ee&#8221;]Liitumisspetsialist[\/vc_mad_contact_info_block][\/vc_column][\/vc_row][vc_row full_width=&#8221;stretch_row&#8221; css=&#8221;.vc_custom_1485850950590{margin-top: 0px !important;padding-top: 45px !important;padding-bottom: 45px !important;background-color: #f8f9fa !important;}&#8221;][vc_column width=&#8221;1\/4&#8243;][vc_mad_contact_info_block title=&#8221;Artur Revunov&#8221; phone=&#8221;+372 731 1840&#8243; mail=&#8221;&#97;&#x72;t&#x75;r&#x2e;r&#x65;v&#117;&#x6e;&#111;&#x76;(\u00e4&#x74;)&#101;&#x76;&#118;&#x2e;e&#x65;&#8221;]Tugiteenuste juht[\/vc_mad_contact_info_block][\/vc_column][vc_column width=&#8221;1\/4&#8243;][vc_mad_contact_info_block title=&#8221;Oliver Sakk&#8221; phone=&#8221;+372 731 1849&#8243; mail=&#8221;&#x6f;l&#x69;v&#x65;r&#x2e;&#115;a&#x6b;k&#x28;\u00e4&#116;&#x29;&#101;v&#x76;&#46;&#x65;e&#8221;]Anal\u00fc\u00fctik[\/vc_mad_contact_info_block][\/vc_column][vc_column width=&#8221;1\/4&#8243;][vc_mad_contact_info_block title=&#8221;Reili Toom&#8221; phone=&#8221;+372 731 1840&#8243; mail=&#8221;&#x72;&#101;i&#x6c;&#x69;&#46;t&#x6f;&#111;m&#x28;\u00e4t&#x29;&#101;v&#x76;&#x2e;&#101;e&#8221;]Raamatupidaja[\/vc_mad_contact_info_block][\/vc_column][vc_column width=&#8221;1\/4&#8243;][vc_mad_contact_info_block title=&#8221;Olivia Ainso&#8221; phone=&#8221;+372 731 1841&#8243; mail=&#8221;&#x6f;&#x6c;&#x69;&#x76;&#105;&#97;&#46;ai&#x6e;&#x73;&#x6f;&#x28;\u00e4&#116;)ev&#x76;&#x2e;&#x65;&#x65;&#8221;]Spetsialist[\/vc_mad_contact_info_block][\/vc_column][\/vc_row][vc_row full_width=&#8221;stretch_row&#8221; css=&#8221;.vc_custom_1485850950590{margin-top: 0px !important;padding-top: 45px !important;padding-bottom: 45px !important;background-color: #f8f9fa !important;}&#8221;][vc_column width=&#8221;1\/4&#8243;][vc_mad_contact_info_block title=&#8221;Katrin K\u00f5nd&#8221; phone=&#8221;+372 731 1846&#8243; mail=&#8221;&#x6b;a&#x74;r&#x69;&#110;&#46;&#x6b;o&#x6e;&#100;(\u00e4&#x74;&#41;e&#x76;v&#x2e;e&#x65;&#8221;]Arendusjuht[\/vc_mad_contact_info_block][\/vc_column][vc_column width=&#8221;1\/4&#8243;][vc_mad_contact_info_block title=&#8221;Rauno R\u00e4nkel&#8221; phone=&#8221;+372 731 1847&#8243; mail=&#8221;rauno&#46;ran&#107;&#101;&#108;&#40;\u00e4&#x74;&#x29;&#x65;&#x76;&#x76;&#x2e;&#x65;&#x65;&#8221;]Peainsener[\/vc_mad_contact_info_block][\/vc_column][vc_column width=&#8221;1\/4&#8243;][vc_mad_contact_info_block title=&#8221;Margus Sinim\u00e4e&#8221; phone=&#8221;+372 731 1846&#8243; mail=&#8221;&#x6d;ar&#x67;&#117;s&#x2e;&#115;i&#x6e;&#105;m&#x61;&#101;(\u00e4t&#x29;&#x65;v&#x76;&#x2e;e&#x65;&#8221;]Tehniline n\u00f5unik[\/vc_mad_contact_info_block][\/vc_column][vc_column width=&#8221;1\/4&#8243;][vc_mad_contact_info_block title=&#8221;Maris Tiivoja&#8221; phone=&#8221;+372 731 2004&#8243; mail=&#8221;&#x6d;&#x61;&#x72;&#x69;&#x73;&#x2e;&#x74;&#x69;&#x69;&#x76;&#x6f;&#x6a;&#x61;&#x28;\u00e4&#x74;&#x29;&#x65;&#x76;&#x76;&#x2e;&#101;&#101;&#8221;]Geoinfospetsialist[\/vc_mad_contact_info_block][\/vc_column][\/vc_row][vc_row full_width=&#8221;stretch_row&#8221; css=&#8221;.vc_custom_1485850950590{margin-top: 0px !important;padding-top: 45px !important;padding-bottom: 45px !important;background-color: #f8f9fa !important;}&#8221;][vc_column width=&#8221;1\/4&#8243;][vc_mad_contact_info_block title=&#8221;Rainer Spuul&#8221; phone=&#8221;+372 731 1844&#8243; mail=&#8221;&#x72;&#x61;in&#x65;&#x72;&#46;sp&#x75;&#x75;&#108;(\u00e4&#x74;&#41;ev&#x76;&#x2e;ee&#8221;]Tootmisjuht[\/vc_mad_contact_info_block][\/vc_column][vc_column width=&#8221;1\/4&#8243;][vc_mad_contact_info_block title=&#8221;Sille Pragi&#8221; phone=&#8221;+372 731 1844&#8243; mail=&#8221;&#x73;&#105;ll&#x65;&#x2e;pr&#x61;&#x67;i(\u00e4&#116;)&#x65;&#x76;&#118;&#46;&#x65;&#x65;&#8221;]Spetsialist-kontroller[\/vc_mad_contact_info_block][\/vc_column][vc_column width=&#8221;1\/4&#8243;][vc_mad_contact_info_block title=&#8221;Veiko Nukka&#8221; phone=&#8221;+372 731 1844&#8243; mail=&#8221;&#x76;&#101;i&#x6b;&#x6f;&#46;n&#x75;&#x6b;&#107;a&#x28;\u00e4t&#x29;&#x65;vv&#x2e;&#101;e&#8221;]Hooldusjuht[\/vc_mad_contact_info_block][\/vc_column][vc_column width=&#8221;1\/4&#8243;][vc_mad_contact_info_block title=&#8221;Edvin Udras&#8221; phone=&#8221;+372 731 1840&#8243; mail=&#8221;&#x65;d&#x76;&#105;n&#x2e;u&#x64;&#x72;a&#x73;&#40;\u00e4t&#x29;&#101;v&#x76;&#46;e&#x65;&#8221;]Projektijuht[\/vc_mad_contact_info_block][\/vc_column][\/vc_row][vc_row full_width=&#8221;stretch_row&#8221; css=&#8221;.vc_custom_1485850950590{margin-top: 0px !important;padding-top: 45px !important;padding-bottom: 45px !important;background-color: #f8f9fa !important;}&#8221;][vc_column width=&#8221;1\/4&#8243;][vc_mad_contact_info_block title=&#8221;Diana-Ly Erik&#8221; phone=&#8221;+372 731 1840&#8243; mail=&#8221;&#100;i&#97;n&#97;l&#x79;&#46;&#x65;r&#x69;k&#x28;\u00e4t&#x29;e&#x76;v&#x2e;e&#x65;&#8221;]Assistent[\/vc_mad_contact_info_block][\/vc_column][vc_column width=&#8221;1\/4&#8243;][vc_mad_contact_info_block title=&#8221;Kai Kattai&#8221; phone=&#8221;&#8221; mail=&#8221;&#8221;]Spetsialist-kontroller[\/vc_mad_contact_info_block][\/vc_column][vc_column width=&#8221;1\/4&#8243;][vc_mad_contact_info_block title=&#8221;K\u00e4di J\u00f5gi&#8221; phone=&#8221;&#8221; mail=&#8221;&#8221;]Spetsialist[\/vc_mad_contact_info_block][\/vc_column][\/vc_row][vc_row][vc_column][vc_column_text]<\/p>\n<h2>Kirjuta meile<\/h2>\n<p>T\u00e4ida allolevad lahtrid ja saada kiri, vastame esimesel v\u00f5imalusel.[\/vc_column_text]\n<div class=\"wpcf7 no-js\" id=\"wpcf7-f96-o1\" lang=\"en-US\" dir=\"ltr\" data-wpcf7-id=\"96\">\n<div class=\"screen-reader-response\"><p role=\"status\" aria-live=\"polite\" aria-atomic=\"true\"><\/p> <ul><\/ul><\/div>\n<form action=\"\/en\/wp-json\/wp\/v2\/pages\/2075#wpcf7-f96-o1\" method=\"post\" class=\"wpcf7-form init\" aria-label=\"Contact form\" novalidate=\"novalidate\" data-status=\"init\">\n<div style=\"display: none;\">\n<input type=\"hidden\" name=\"_wpcf7\" value=\"96\" \/>\n<input type=\"hidden\" name=\"_wpcf7_version\" value=\"6.0.6\" \/>\n<input type=\"hidden\" name=\"_wpcf7_locale\" value=\"en_US\" \/>\n<input type=\"hidden\" name=\"_wpcf7_unit_tag\" value=\"wpcf7-f96-o1\" \/>\n<input type=\"hidden\" name=\"_wpcf7_container_post\" value=\"0\" \/>\n<input type=\"hidden\" name=\"_wpcf7_posted_data_hash\" value=\"\" \/>\n<input type=\"hidden\" name=\"_wpcf7_recaptcha_response\" value=\"\" \/>\n<\/div>\n<div class=\"form-style1 fx-cols-2\">\n\t<div class=\"form-column-full\">\n\t\t<p><span class=\"wpcf7-form-control-wrap\" data-name=\"text1\"><input size=\"40\" maxlength=\"400\" class=\"wpcf7-form-control wpcf7-text wpcf7-validates-as-required\" aria-required=\"true\" aria-invalid=\"false\" placeholder=\"Nimi (N\u00f5utud)\" value=\"\" type=\"text\" name=\"text1\" \/><\/span>\n\t\t<\/p>\n\t<\/div>\n\t<div class=\"form-column\">\n\t\t<p><span class=\"wpcf7-form-control-wrap\" data-name=\"text2\"><input size=\"40\" maxlength=\"400\" class=\"wpcf7-form-control wpcf7-email wpcf7-validates-as-required wpcf7-text wpcf7-validates-as-email\" aria-required=\"true\" aria-invalid=\"false\" placeholder=\"E-post (N\u00f5utud)\" value=\"\" type=\"email\" name=\"text2\" \/><\/span>\n\t\t<\/p>\n\t<\/div>\n\t<div class=\"form-column\">\n\t\t<p><span class=\"wpcf7-form-control-wrap\" data-name=\"text3\"><input size=\"40\" maxlength=\"400\" class=\"wpcf7-form-control wpcf7-text\" aria-invalid=\"false\" placeholder=\"Telefon\" value=\"\" type=\"text\" name=\"text3\" \/><\/span>\n\t\t<\/p>\n\t<\/div>\n\t<div class=\"form-column-full\">\n\t\t<p><span class=\"wpcf7-form-control-wrap\" data-name=\"text4\"><textarea cols=\"40\" rows=\"4\" maxlength=\"2000\" class=\"wpcf7-form-control wpcf7-textarea wpcf7-validates-as-required\" aria-required=\"true\" aria-invalid=\"false\" placeholder=\"S\u00f5num (N\u00f5utud)\" name=\"text4\"><\/textarea><\/span>\n\t\t<\/p>\n\t<\/div>\n\t<div class=\"form-column-full\">\n\t\n\t<\/div>\n\t<div class=\"form-column-full\">\n\t\t<p><input class=\"wpcf7-form-control wpcf7-submit has-spinner\" type=\"submit\" value=\"Saada\" \/>\n\t\t<\/p>\n\t<\/div>\n\t<div>\n\t<\/div>\n<\/div><div class=\"wpcf7-response-output\" aria-hidden=\"true\"><\/div>\n<\/form>\n<\/div>\n[\/vc_column][\/vc_row]<\/p>\n","protected":false},"excerpt":{"rendered":"<p>[vc_row full_width=&#8221;stretch_row_content&#8221; css=&#8221;.vc_custom_1507628373246{margin-bottom: 0px !important;padding-bottom: 0px !important;}&#8221;][vc_column width=&#8221;1\/3&#8243;][vc_column_text css=&#8221;.vc_custom_1625217597813{margin-left: 100px !important;}&#8221;] AS Emaj\u00f5e Veev\u00e4rk S\u00f5bra 56 (viies korrus) 50106 Tartu linn, Tartu linn EESTI Rg-kood 11044696 TP kood 596413 KMKR nr EE100917417 E-post: &#101;&#x76;v&#x28;\u00e4&#x74;)&#x65;&#x76;&#118;&#x2e;e&#x65; Telefon: +372 731 1840 (t\u00f6\u00f6p\u00e4evadel 8.00-12.00 ja 13.00-17.00) SEB Pank EE371010220077187014 Swedbank EE412200221039582491 AS Emaj\u00f5e Veev\u00e4rk Elva kontor (suletud) Puiestee 13 [&hellip;]<\/p>\n","protected":false},"author":1,"featured_media":0,"parent":0,"menu_order":0,"comment_status":"closed","ping_status":"closed","template":"","meta":{"footnotes":"","_links_to":"","_links_to_target":""},"class_list":["post-2075","page","type-page","status-publish","hentry"],"yoast_head":"<!-- This site is optimized with the Yoast SEO plugin v24.9 - https:\/\/yoast.com\/wordpress\/plugins\/seo\/ -->\n<title>Contact - Emaj\u00f5e Veev\u00e4rk<\/title>\n<meta name=\"robots\" content=\"index, follow, max-snippet:-1, max-image-preview:large, max-video-preview:-1\" \/>\n<link rel=\"canonical\" href=\"https:\/\/php83.evv.ee\/kontakt\/\" \/>\n<meta property=\"og:locale\" content=\"en_US\" \/>\n<meta property=\"og:type\" content=\"article\" \/>\n<meta property=\"og:title\" content=\"Contact - Emaj\u00f5e Veev\u00e4rk\" \/>\n<meta property=\"og:description\" content=\"[vc_row full_width=&#8221;stretch_row_content&#8221; css=&#8221;.vc_custom_1507628373246{margin-bottom: 0px !important;padding-bottom: 0px !important;}&#8221;][vc_column width=&#8221;1\/3&#8243;][vc_column_text css=&#8221;.vc_custom_1625217597813{margin-left: 100px !important;}&#8221;] AS Emaj\u00f5e Veev\u00e4rk S\u00f5bra 56 (viies korrus) 50106 Tartu linn, Tartu linn EESTI Rg-kood 11044696 TP kood 596413 KMKR nr EE100917417 E-post: &#x65;&#x76;&#118;(\u00e4&#x74;&#041;e&#x76;&#x76;&#x2e;&#101;e Telefon: +372 731 1840 (t\u00f6\u00f6p\u00e4evadel 8.00-12.00 ja 13.00-17.00) SEB Pank EE371010220077187014 Swedbank EE412200221039582491 AS Emaj\u00f5e Veev\u00e4rk Elva kontor (suletud) Puiestee 13 [&hellip;]\" \/>\n<meta property=\"og:url\" content=\"https:\/\/php83.evv.ee\/kontakt\/\" \/>\n<meta property=\"og:site_name\" content=\"Emaj\u00f5e Veev\u00e4rk\" \/>\n<meta property=\"article:modified_time\" content=\"2024-01-18T15:37:17+00:00\" \/>\n<meta name=\"twitter:card\" content=\"summary_large_image\" \/>\n<meta name=\"twitter:label1\" content=\"Est. reading time\" \/>\n\t<meta name=\"twitter:data1\" content=\"4 minutes\" \/>\n<script type=\"application\/ld+json\" class=\"yoast-schema-graph\">{\"@context\":\"https:\/\/schema.org\",\"@graph\":[{\"@type\":\"WebPage\",\"@id\":\"https:\/\/php83.evv.ee\/kontakt\/\",\"url\":\"https:\/\/php83.evv.ee\/kontakt\/\",\"name\":\"Contact - Emaj\u00f5e Veev\u00e4rk\",\"isPartOf\":{\"@id\":\"https:\/\/php83.evv.ee\/#website\"},\"datePublished\":\"2017-09-21T07:56:49+00:00\",\"dateModified\":\"2024-01-18T15:37:17+00:00\",\"breadcrumb\":{\"@id\":\"https:\/\/php83.evv.ee\/kontakt\/#breadcrumb\"},\"inLanguage\":\"en-US\",\"potentialAction\":[{\"@type\":\"ReadAction\",\"target\":[\"https:\/\/php83.evv.ee\/kontakt\/\"]}]},{\"@type\":\"BreadcrumbList\",\"@id\":\"https:\/\/php83.evv.ee\/kontakt\/#breadcrumb\",\"itemListElement\":[{\"@type\":\"ListItem\",\"position\":1,\"name\":\"Home\",\"item\":\"https:\/\/php83.evv.ee\/en\/\"},{\"@type\":\"ListItem\",\"position\":2,\"name\":\"Contact\"}]},{\"@type\":\"WebSite\",\"@id\":\"https:\/\/php83.evv.ee\/#website\",\"url\":\"https:\/\/php83.evv.ee\/\",\"name\":\"Emaj\u00f5e Veev\u00e4rk\",\"description\":\"Kvaliteetne veeteenus\",\"potentialAction\":[{\"@type\":\"SearchAction\",\"target\":{\"@type\":\"EntryPoint\",\"urlTemplate\":\"https:\/\/php83.evv.ee\/?s={search_term_string}\"},\"query-input\":{\"@type\":\"PropertyValueSpecification\",\"valueRequired\":true,\"valueName\":\"search_term_string\"}}],\"inLanguage\":\"en-US\"}]}<\/script>\n<!-- \/ Yoast SEO plugin. -->","yoast_head_json":{"title":"Contact - Emaj\u00f5e Veev\u00e4rk","robots":{"index":"index","follow":"follow","max-snippet":"max-snippet:-1","max-image-preview":"max-image-preview:large","max-video-preview":"max-video-preview:-1"},"canonical":"https:\/\/php83.evv.ee\/kontakt\/","og_locale":"en_US","og_type":"article","og_title":"Contact - Emaj\u00f5e Veev\u00e4rk","og_description":"[vc_row full_width=&#8221;stretch_row_content&#8221; css=&#8221;.vc_custom_1507628373246{margin-bottom: 0px !important;padding-bottom: 0px !important;}&#8221;][vc_column width=&#8221;1\/3&#8243;][vc_column_text css=&#8221;.vc_custom_1625217597813{margin-left: 100px !important;}&#8221;] AS Emaj\u00f5e Veev\u00e4rk S\u00f5bra 56 (viies korrus) 50106 Tartu linn, Tartu linn EESTI Rg-kood 11044696 TP kood 596413 KMKR nr EE100917417 E-post: &#x65;&#x76;&#118;(\u00e4&#x74;&#41;e&#x76;&#x76;&#x2e;&#101;e Telefon: +372 731 1840 (t\u00f6\u00f6p\u00e4evadel 8.00-12.00 ja 13.00-17.00) SEB Pank EE371010220077187014 Swedbank EE412200221039582491 AS Emaj\u00f5e Veev\u00e4rk Elva kontor (suletud) Puiestee 13 [&hellip;]","og_url":"https:\/\/php83.evv.ee\/kontakt\/","og_site_name":"Emaj\u00f5e Veev\u00e4rk","article_modified_time":"2024-01-18T15:37:17+00:00","twitter_card":"summary_large_image","twitter_misc":{"Est. reading time":"4 minutes"},"schema":{"@context":"https:\/\/schema.org","@graph":[{"@type":"WebPage","@id":"https:\/\/php83.evv.ee\/kontakt\/","url":"https:\/\/php83.evv.ee\/kontakt\/","name":"Contact - Emaj\u00f5e Veev\u00e4rk","isPartOf":{"@id":"https:\/\/php83.evv.ee\/#website"},"datePublished":"2017-09-21T07:56:49+00:00","dateModified":"2024-01-18T15:37:17+00:00","breadcrumb":{"@id":"https:\/\/php83.evv.ee\/kontakt\/#breadcrumb"},"inLanguage":"en-US","potentialAction":[{"@type":"ReadAction","target":["https:\/\/php83.evv.ee\/kontakt\/"]}]},{"@type":"BreadcrumbList","@id":"https:\/\/php83.evv.ee\/kontakt\/#breadcrumb","itemListElement":[{"@type":"ListItem","position":1,"name":"Home","item":"https:\/\/php83.evv.ee\/en\/"},{"@type":"ListItem","position":2,"name":"Contact"}]},{"@type":"WebSite","@id":"https:\/\/php83.evv.ee\/#website","url":"https:\/\/php83.evv.ee\/","name":"Emaj\u00f5e Veev\u00e4rk","description":"Kvaliteetne veeteenus","potentialAction":[{"@type":"SearchAction","target":{"@type":"EntryPoint","urlTemplate":"https:\/\/php83.evv.ee\/?s={search_term_string}"},"query-input":{"@type":"PropertyValueSpecification","valueRequired":true,"valueName":"search_term_string"}}],"inLanguage":"en-US"}]}},"_links":{"self":[{"href":"https:\/\/php83.evv.ee\/en\/wp-json\/wp\/v2\/pages\/2075","targetHints":{"allow":["GET"]}}],"collection":[{"href":"https:\/\/php83.evv.ee\/en\/wp-json\/wp\/v2\/pages"}],"about":[{"href":"https:\/\/php83.evv.ee\/en\/wp-json\/wp\/v2\/types\/page"}],"author":[{"embeddable":true,"href":"https:\/\/php83.evv.ee\/en\/wp-json\/wp\/v2\/users\/1"}],"replies":[{"embeddable":true,"href":"https:\/\/php83.evv.ee\/en\/wp-json\/wp\/v2\/comments?post=2075"}],"version-history":[{"count":39,"href":"https:\/\/php83.evv.ee\/en\/wp-json\/wp\/v2\/pages\/2075\/revisions"}],"predecessor-version":[{"id":9380,"href":"https:\/\/php83.evv.ee\/en\/wp-json\/wp\/v2\/pages\/2075\/revisions\/9380"}],"wp:attachment":[{"href":"https:\/\/php83.evv.ee\/en\/wp-json\/wp\/v2\/media?parent=2075"}],"curies":[{"name":"wp","href":"https:\/\/api.w.org\/{rel}","templated":true}]}}