{"id":3381,"date":"2017-10-09T10:58:32","date_gmt":"2017-10-09T07:58:32","guid":{"rendered":"https:\/\/www.evv.ee\/nouded-teostusjoonistele\/"},"modified":"2023-01-30T15:49:40","modified_gmt":"2023-01-30T13:49:40","slug":"nouded-teostusjoonistele","status":"publish","type":"page","link":"https:\/\/php83.evv.ee\/ru\/nouded-teostusjoonistele\/","title":{"rendered":"\u0422\u0440\u0435\u0431\u043e\u0432\u0430\u043d\u0438\u044f \u043a \u0438\u0441\u043f\u043e\u043b\u043d\u0438\u0442\u0435\u043b\u044c\u043d\u044b\u043c \u0447\u0435\u0440\u0442\u0435\u0436\u0430\u043c"},"content":{"rendered":"<p>Teostusm\u00f5\u00f5distused ja -joonised peavad vastama Majandus- ja taristuministri 14.04.2016 m\u00e4\u00e4rusele nr 34 \u201eTopo-geodeetilisele uuringule ja teostusm\u00f5\u00f5distamisele esitatavad n\u00f5uded\u201c ning \u201eEVEL-i t\u00e4psustavad n\u00f5uded vee- ja kanalisatsioonirajatiste teostusm\u00f5\u00f5distamisele\u201c n\u00f5uetele.<\/p>\n<p>Teostusjoonised peavad olema kontrollitud \u201eEVEL Kontroller\u201c kontrolls\u00fcsteemiga. Rohkem infot \u201eEVEL Kontroller\u201c teenuse kohta on Geospatial O\u00dc kodulehel\u00a0<a role=\"link\" href=\"https:\/\/www.geospatial.ee\/et\/node\/54\" target=\"_blank\" rel=\"noopener noreferrer\">https:\/\/www.geospatial.ee\/et\/node\/54<\/a>.<\/p>\n<p>Teostusjoonised palume saata e-posti aadressil e&#x76;&#x76;&#64;&#101;&#x76;&#x76;&#46;&#101;&#x65; ja joonised&#64;evv&#46;ee.<\/p>\n","protected":false},"excerpt":{"rendered":"<p>Teostusm\u00f5\u00f5distused ja -joonised peavad vastama Majandus- ja taristuministri 14.04.2016 m\u00e4\u00e4rusele nr 34 \u201eTopo-geodeetilisele uuringule ja teostusm\u00f5\u00f5distamisele esitatavad n\u00f5uded\u201c ning \u201eEVEL-i t\u00e4psustavad n\u00f5uded vee- ja kanalisatsioonirajatiste teostusm\u00f5\u00f5distamisele\u201c n\u00f5uetele. Teostusjoonised peavad olema kontrollitud \u201eEVEL Kontroller\u201c kontrolls\u00fcsteemiga. Rohkem infot \u201eEVEL Kontroller\u201c teenuse kohta on Geospatial O\u00dc kodulehel\u00a0https:\/\/www.geospatial.ee\/et\/node\/54. Teostusjoonised palume saata e-posti aadressil &#x65;&#x76;&#118;&#64;e&#x76;&#x76;&#x2e;&#101;e ja &#x6a;&#x6f;&#x6f;&#x6e;&#x69;&#115;&#101;d&#64;evv&#x2e;&#x65;&#x65;.<\/p>\n","protected":false},"author":1,"featured_media":0,"parent":0,"menu_order":0,"comment_status":"closed","ping_status":"closed","template":"","meta":{"footnotes":"","_links_to":"","_links_to_target":""},"class_list":["post-3381","page","type-page","status-publish","hentry"],"yoast_head":"<!-- This site is optimized with the Yoast SEO plugin v24.9 - https:\/\/yoast.com\/wordpress\/plugins\/seo\/ -->\n<title>\u0422\u0440\u0435\u0431\u043e\u0432\u0430\u043d\u0438\u044f \u043a \u0438\u0441\u043f\u043e\u043b\u043d\u0438\u0442\u0435\u043b\u044c\u043d\u044b\u043c \u0447\u0435\u0440\u0442\u0435\u0436\u0430\u043c - Emaj\u00f5e Veev\u00e4rk<\/title>\n<meta name=\"robots\" content=\"index, follow, max-snippet:-1, max-image-preview:large, max-video-preview:-1\" \/>\n<link rel=\"canonical\" href=\"https:\/\/php83.evv.ee\/nouded-teostusjoonistele\/\" \/>\n<meta property=\"og:locale\" content=\"ru_RU\" \/>\n<meta property=\"og:type\" content=\"article\" \/>\n<meta property=\"og:title\" content=\"\u0422\u0440\u0435\u0431\u043e\u0432\u0430\u043d\u0438\u044f \u043a \u0438\u0441\u043f\u043e\u043b\u043d\u0438\u0442\u0435\u043b\u044c\u043d\u044b\u043c \u0447\u0435\u0440\u0442\u0435\u0436\u0430\u043c - Emaj\u00f5e Veev\u00e4rk\" \/>\n<meta property=\"og:description\" content=\"Teostusm\u00f5\u00f5distused ja -joonised peavad vastama Majandus- ja taristuministri 14.04.2016 m\u00e4\u00e4rusele nr 34 \u201eTopo-geodeetilisele uuringule ja teostusm\u00f5\u00f5distamisele esitatavad n\u00f5uded\u201c ning \u201eEVEL-i t\u00e4psustavad n\u00f5uded vee- ja kanalisatsioonirajatiste teostusm\u00f5\u00f5distamisele\u201c n\u00f5uetele. Teostusjoonised peavad olema kontrollitud \u201eEVEL Kontroller\u201c kontrolls\u00fcsteemiga. Rohkem infot \u201eEVEL Kontroller\u201c teenuse kohta on Geospatial O\u00dc kodulehel\u00a0https:\/\/www.geospatial.ee\/et\/node\/54. Teostusjoonised palume saata e-posti aadressil &#x65;v&#x76;&#x40;e&#x76;&#118;&#046;&#x65;&#101; ja &#x6a;&#111;o&#x6e;&#105;s&#x65;&#x64;&#064;e&#x76;&#118;&#046;&#x65;&#x65;.\" \/>\n<meta property=\"og:url\" content=\"https:\/\/php83.evv.ee\/nouded-teostusjoonistele\/\" \/>\n<meta property=\"og:site_name\" content=\"Emaj\u00f5e Veev\u00e4rk\" \/>\n<meta property=\"article:modified_time\" content=\"2023-01-30T13:49:40+00:00\" \/>\n<meta name=\"twitter:card\" content=\"summary_large_image\" \/>\n<script type=\"application\/ld+json\" class=\"yoast-schema-graph\">{\"@context\":\"https:\/\/schema.org\",\"@graph\":[{\"@type\":\"WebPage\",\"@id\":\"https:\/\/php83.evv.ee\/nouded-teostusjoonistele\/\",\"url\":\"https:\/\/php83.evv.ee\/nouded-teostusjoonistele\/\",\"name\":\"\u0422\u0440\u0435\u0431\u043e\u0432\u0430\u043d\u0438\u044f \u043a \u0438\u0441\u043f\u043e\u043b\u043d\u0438\u0442\u0435\u043b\u044c\u043d\u044b\u043c \u0447\u0435\u0440\u0442\u0435\u0436\u0430\u043c - Emaj\u00f5e Veev\u00e4rk\",\"isPartOf\":{\"@id\":\"https:\/\/php83.evv.ee\/#website\"},\"datePublished\":\"2017-10-09T07:58:32+00:00\",\"dateModified\":\"2023-01-30T13:49:40+00:00\",\"breadcrumb\":{\"@id\":\"https:\/\/php83.evv.ee\/nouded-teostusjoonistele\/#breadcrumb\"},\"inLanguage\":\"ru-RU\",\"potentialAction\":[{\"@type\":\"ReadAction\",\"target\":[\"https:\/\/php83.evv.ee\/nouded-teostusjoonistele\/\"]}]},{\"@type\":\"BreadcrumbList\",\"@id\":\"https:\/\/php83.evv.ee\/nouded-teostusjoonistele\/#breadcrumb\",\"itemListElement\":[{\"@type\":\"ListItem\",\"position\":1,\"name\":\"Home\",\"item\":\"https:\/\/php83.evv.ee\/ru\/\"},{\"@type\":\"ListItem\",\"position\":2,\"name\":\"\u0422\u0440\u0435\u0431\u043e\u0432\u0430\u043d\u0438\u044f \u043a \u0438\u0441\u043f\u043e\u043b\u043d\u0438\u0442\u0435\u043b\u044c\u043d\u044b\u043c \u0447\u0435\u0440\u0442\u0435\u0436\u0430\u043c\"}]},{\"@type\":\"WebSite\",\"@id\":\"https:\/\/php83.evv.ee\/#website\",\"url\":\"https:\/\/php83.evv.ee\/\",\"name\":\"Emaj\u00f5e Veev\u00e4rk\",\"description\":\"Kvaliteetne veeteenus\",\"potentialAction\":[{\"@type\":\"SearchAction\",\"target\":{\"@type\":\"EntryPoint\",\"urlTemplate\":\"https:\/\/php83.evv.ee\/?s={search_term_string}\"},\"query-input\":{\"@type\":\"PropertyValueSpecification\",\"valueRequired\":true,\"valueName\":\"search_term_string\"}}],\"inLanguage\":\"ru-RU\"}]}<\/script>\n<!-- \/ Yoast SEO plugin. -->","yoast_head_json":{"title":"\u0422\u0440\u0435\u0431\u043e\u0432\u0430\u043d\u0438\u044f \u043a \u0438\u0441\u043f\u043e\u043b\u043d\u0438\u0442\u0435\u043b\u044c\u043d\u044b\u043c \u0447\u0435\u0440\u0442\u0435\u0436\u0430\u043c - Emaj\u00f5e Veev\u00e4rk","robots":{"index":"index","follow":"follow","max-snippet":"max-snippet:-1","max-image-preview":"max-image-preview:large","max-video-preview":"max-video-preview:-1"},"canonical":"https:\/\/php83.evv.ee\/nouded-teostusjoonistele\/","og_locale":"ru_RU","og_type":"article","og_title":"\u0422\u0440\u0435\u0431\u043e\u0432\u0430\u043d\u0438\u044f \u043a \u0438\u0441\u043f\u043e\u043b\u043d\u0438\u0442\u0435\u043b\u044c\u043d\u044b\u043c \u0447\u0435\u0440\u0442\u0435\u0436\u0430\u043c - Emaj\u00f5e Veev\u00e4rk","og_description":"Teostusm\u00f5\u00f5distused ja -joonised peavad vastama Majandus- ja taristuministri 14.04.2016 m\u00e4\u00e4rusele nr 34 \u201eTopo-geodeetilisele uuringule ja teostusm\u00f5\u00f5distamisele esitatavad n\u00f5uded\u201c ning \u201eEVEL-i t\u00e4psustavad n\u00f5uded vee- ja kanalisatsioonirajatiste teostusm\u00f5\u00f5distamisele\u201c n\u00f5uetele. Teostusjoonised peavad olema kontrollitud \u201eEVEL Kontroller\u201c kontrolls\u00fcsteemiga. Rohkem infot \u201eEVEL Kontroller\u201c teenuse kohta on Geospatial O\u00dc kodulehel\u00a0https:\/\/www.geospatial.ee\/et\/node\/54. Teostusjoonised palume saata e-posti aadressil &#x65;v&#x76;&#x40;e&#x76;&#118;&#46;&#x65;&#101; ja &#x6a;&#111;o&#x6e;&#105;s&#x65;&#x64;&#64;e&#x76;&#118;&#46;&#x65;&#x65;.","og_url":"https:\/\/php83.evv.ee\/nouded-teostusjoonistele\/","og_site_name":"Emaj\u00f5e Veev\u00e4rk","article_modified_time":"2023-01-30T13:49:40+00:00","twitter_card":"summary_large_image","schema":{"@context":"https:\/\/schema.org","@graph":[{"@type":"WebPage","@id":"https:\/\/php83.evv.ee\/nouded-teostusjoonistele\/","url":"https:\/\/php83.evv.ee\/nouded-teostusjoonistele\/","name":"\u0422\u0440\u0435\u0431\u043e\u0432\u0430\u043d\u0438\u044f \u043a \u0438\u0441\u043f\u043e\u043b\u043d\u0438\u0442\u0435\u043b\u044c\u043d\u044b\u043c \u0447\u0435\u0440\u0442\u0435\u0436\u0430\u043c - Emaj\u00f5e Veev\u00e4rk","isPartOf":{"@id":"https:\/\/php83.evv.ee\/#website"},"datePublished":"2017-10-09T07:58:32+00:00","dateModified":"2023-01-30T13:49:40+00:00","breadcrumb":{"@id":"https:\/\/php83.evv.ee\/nouded-teostusjoonistele\/#breadcrumb"},"inLanguage":"ru-RU","potentialAction":[{"@type":"ReadAction","target":["https:\/\/php83.evv.ee\/nouded-teostusjoonistele\/"]}]},{"@type":"BreadcrumbList","@id":"https:\/\/php83.evv.ee\/nouded-teostusjoonistele\/#breadcrumb","itemListElement":[{"@type":"ListItem","position":1,"name":"Home","item":"https:\/\/php83.evv.ee\/ru\/"},{"@type":"ListItem","position":2,"name":"\u0422\u0440\u0435\u0431\u043e\u0432\u0430\u043d\u0438\u044f \u043a \u0438\u0441\u043f\u043e\u043b\u043d\u0438\u0442\u0435\u043b\u044c\u043d\u044b\u043c \u0447\u0435\u0440\u0442\u0435\u0436\u0430\u043c"}]},{"@type":"WebSite","@id":"https:\/\/php83.evv.ee\/#website","url":"https:\/\/php83.evv.ee\/","name":"Emaj\u00f5e Veev\u00e4rk","description":"Kvaliteetne veeteenus","potentialAction":[{"@type":"SearchAction","target":{"@type":"EntryPoint","urlTemplate":"https:\/\/php83.evv.ee\/?s={search_term_string}"},"query-input":{"@type":"PropertyValueSpecification","valueRequired":true,"valueName":"search_term_string"}}],"inLanguage":"ru-RU"}]}},"_links":{"self":[{"href":"https:\/\/php83.evv.ee\/ru\/wp-json\/wp\/v2\/pages\/3381","targetHints":{"allow":["GET"]}}],"collection":[{"href":"https:\/\/php83.evv.ee\/ru\/wp-json\/wp\/v2\/pages"}],"about":[{"href":"https:\/\/php83.evv.ee\/ru\/wp-json\/wp\/v2\/types\/page"}],"author":[{"embeddable":true,"href":"https:\/\/php83.evv.ee\/ru\/wp-json\/wp\/v2\/users\/1"}],"replies":[{"embeddable":true,"href":"https:\/\/php83.evv.ee\/ru\/wp-json\/wp\/v2\/comments?post=3381"}],"version-history":[{"count":8,"href":"https:\/\/php83.evv.ee\/ru\/wp-json\/wp\/v2\/pages\/3381\/revisions"}],"predecessor-version":[{"id":7872,"href":"https:\/\/php83.evv.ee\/ru\/wp-json\/wp\/v2\/pages\/3381\/revisions\/7872"}],"wp:attachment":[{"href":"https:\/\/php83.evv.ee\/ru\/wp-json\/wp\/v2\/media?parent=3381"}],"curies":[{"name":"wp","href":"https:\/\/api.w.org\/{rel}","templated":true}]}}