{"id":3383,"date":"2017-10-09T10:54:20","date_gmt":"2017-10-09T07:54:20","guid":{"rendered":"https:\/\/www.evv.ee\/teenustoode-hinnakiri\/"},"modified":"2024-03-11T13:02:03","modified_gmt":"2024-03-11T11:02:03","slug":"teenustoode-hinnakiri-2","status":"publish","type":"page","link":"https:\/\/php83.evv.ee\/ru\/teenustoode-hinnakiri-2\/","title":{"rendered":"\u041f\u0440\u0435\u0439\u0441\u043a\u0443\u0440\u0430\u043d\u0442 \u0434\u043e\u043f\u043e\u043b\u043d\u0438\u0442\u0435\u043b\u044c\u043d\u044b\u0445 \u0443\u0441\u043b\u0443\u0433"},"content":{"rendered":"<p>[vc_row][vc_column][vc_column_text]<\/p>\n<p><span style=\"font-size: 14pt; color: #f75969;\"><strong>AS Emaj\u00f5e Veev\u00e4rk \u043d\u0435 \u043f\u0440\u0435\u0434\u043e\u0441\u0442\u0430\u0432\u043b\u044f\u0435\u0442 \u0441\u0430\u043d\u0438\u0442\u0430\u0440\u043d\u043e-\u0442\u0435\u0445\u043d\u0438\u0447\u0435\u0441\u043a\u0438\u0445 \u0443\u0441\u043b\u0443\u0433 \u0432\u043d\u0443\u0442\u0440\u0438 \u0437\u0434\u0430\u043d\u0438\u0439 \u0438 \u043d\u0430 \u0443\u0447\u0430\u0441\u0442\u043a\u0430\u0445 \u043d\u0435\u0434\u0432\u0438\u0436\u0438\u043c\u043e\u0441\u0442\u0438 \u0437\u0430\u043a\u0430\u0437\u0447\u0438\u043a\u0430!<\/strong><\/span><\/p>\n<table style=\"border-collapse: collapse; width: 90.1543%; height: 288px;\">\n<tbody>\n<tr style=\"height: 48px;\">\n<td style=\"width: 43.5377%; text-align: center; height: 48px;\"><\/td>\n<td style=\"width: 7.70568%; text-align: center; height: 48px;\">\u0415\u0434\u0438\u043d\u0438\u0446\u0430 \u0438\u0437\u043c\u0435\u0440\u0435\u043d\u0438\u044f<\/td>\n<td style=\"width: 5.49886%; text-align: center; height: 48px;\">\u041c\u0438\u043d. \u041a\u043e\u043b-\u0432\u043e<\/td>\n<td style=\"width: 16.4124%; text-align: center; height: 48px;\">\u0426\u0435\u043d\u0430 \u0431\u0435\u0437 \u041d\u0421\u041e<\/td>\n<td style=\"width: 16.6359%; text-align: center; height: 48px;\">\u0426\u0435\u043d\u0430 \u0441 \u041d\u0421\u041e<\/td>\n<\/tr>\n<tr style=\"height: 24px;\">\n<td style=\"width: 43.5377%; height: 24px;\">\u0423\u0441\u043b\u0443\u0433\u0430 \u0441\u043b\u0435\u0441\u0430\u0440\u044f *1<\/td>\n<td style=\"width: 7.70568%; text-align: center; height: 24px;\">\u0447\u0430\u0441<\/td>\n<td style=\"width: 5.49886%; text-align: center; height: 24px;\">1<\/td>\n<td style=\"width: 16.4124%; text-align: center; height: 24px;\">30 \u20ac<\/td>\n<td style=\"width: 16.6359%; text-align: center; height: 24px;\">36,60 \u20ac<\/td>\n<\/tr>\n<tr style=\"height: 24px;\">\n<td style=\"width: 43.5377%; height: 24px;\">\u041d\u0430\u0434\u0437\u043e\u0440 \u0437\u0430 \u0441\u0442\u0440\u043e\u0438\u0442\u0435\u043b\u044c\u0441\u0442\u0432\u043e\u043c \u0438\u043b\u0438 \u0443\u0441\u043b\u0443\u0433\u0430 \u0440\u0443\u043a\u043e\u0432\u043e\u0434\u0438\u0442\u0435\u043b\u044f \u0440\u0430\u0431\u043e\u0442 *1<\/td>\n<td style=\"width: 7.70568%; text-align: center; height: 24px;\">\u0447\u0430\u0441<\/td>\n<td style=\"width: 5.49886%; text-align: center; height: 24px;\">1<\/td>\n<td style=\"width: 16.4124%; text-align: center; height: 24px;\">35 \u20ac<\/td>\n<td style=\"width: 16.6359%; text-align: center; height: 24px;\">42,70 \u20ac<\/td>\n<\/tr>\n<tr>\n<td style=\"width: 43.5377%;\">Lisaarvesti v\u00f5i ajutise arvesti plommimine<\/td>\n<td style=\"width: 7.70568%; text-align: center;\">\u0448\u0442.<\/td>\n<td style=\"width: 5.49886%; text-align: center;\">1<\/td>\n<td style=\"width: 16.4124%; text-align: center;\">30 \u20ac<\/td>\n<td style=\"width: 16.6359%; text-align: center;\">36,60 \u20ac<\/td>\n<\/tr>\n<tr>\n<td style=\"width: 43.5377%;\">Lisaarvesti paigaldus ja plommimine<\/td>\n<td style=\"width: 7.70568%; text-align: center;\">\u0448\u0442.<\/td>\n<td style=\"width: 5.49886%; text-align: center;\">1<\/td>\n<td style=\"width: 16.4124%; text-align: center;\">55 \u20ac<\/td>\n<td style=\"width: 16.6359%; text-align: center;\">67,10 \u20ac<\/td>\n<\/tr>\n<tr>\n<td style=\"width: 43.5377%;\">\u0417\u0430\u043a\u0440\u044b\u0442\u0438\u0435 \u0437\u0430\u0434\u0432\u0438\u0436\u043a\u0438<\/td>\n<td style=\"width: 7.70568%; text-align: center;\">\u0448\u0442.<\/td>\n<td style=\"width: 5.49886%; text-align: center;\">1<\/td>\n<td style=\"width: 16.4124%; text-align: center;\">25 \u20ac<\/td>\n<td style=\"width: 16.6359%; text-align: center;\">30,50 \u20ac<\/td>\n<\/tr>\n<tr>\n<td style=\"width: 43.5377%;\">\u041e\u0442\u043a\u0440\u044b\u0442\u0438\u0435 \u0437\u0430\u0434\u0432\u0438\u0436\u043a\u0438<\/td>\n<td style=\"width: 7.70568%; text-align: center;\">\u0448\u0442.<\/td>\n<td style=\"width: 5.49886%; text-align: center;\">1<\/td>\n<td style=\"width: 16.4124%; text-align: center;\">25 \u20ac<\/td>\n<td style=\"width: 16.6359%; text-align: center;\">30,50 \u20ac<\/td>\n<\/tr>\n<tr>\n<td style=\"width: 43.5377%;\">T\u00fchis\u00f5it objektile *3<\/td>\n<td style=\"width: 7.70568%; text-align: center;\">\u0448\u0442.<\/td>\n<td style=\"width: 5.49886%; text-align: center;\">1<\/td>\n<td style=\"width: 16.4124%; text-align: center;\">25 \u20ac<\/td>\n<td style=\"width: 16.6359%; text-align: center;\">30,50 \u20ac<\/td>\n<\/tr>\n<tr style=\"height: 24px;\">\n<td style=\"width: 43.5377%; height: 24px;\">\u041f\u0440\u0438\u0435\u043c \u0441\u0442\u043e\u0447\u043d\u044b\u0445 \u0432\u043e\u0434 \u0432 \u043f\u0443\u043d\u043a\u0442\u0430\u0445 \u043e\u0447\u0438\u0441\u0442\u043a\u0438 \u0441\u0442\u043e\u0447\u043d\u044b\u0445 \u0432\u043e\u0434 \u0441 \u0440\u0443\u0447\u043d\u043e\u0439 \u0440\u0435\u0448\u0435\u0442\u043a\u043e\u0439 (\u0434\u043b\u044f \u0434\u043e\u0433\u043e\u0432\u043e\u0440\u043d\u044b\u0445 \u043f\u0430\u0440\u0442\u043d\u0451\u0440\u043e\u0432)<\/td>\n<td style=\"width: 7.70568%; text-align: center; height: 24px;\">\u043c\u00b3<\/td>\n<td style=\"width: 5.49886%; text-align: center; height: 24px;\">1<\/td>\n<td style=\"width: 16.4124%; text-align: center; height: 24px;\">4,87 \u20ac<\/td>\n<td style=\"width: 16.6359%; text-align: center; height: 24px;\">5,94 \u20ac<\/td>\n<\/tr>\n<tr>\n<td style=\"width: 43.5377%;\">\u041f\u0440\u0438\u0435\u043c \u0441\u0442\u043e\u0447\u043d\u044b\u0445 \u0432\u043e\u0434 \u0432 \u043f\u0443\u043d\u043a\u0442\u0430\u0445 \u043e\u0447\u0438\u0441\u0442\u043a\u0438 \u0441\u0442\u043e\u0447\u043d\u044b\u0445 \u0432\u043e\u0434 \u0441 \u0430\u0432\u0442\u043e\u043c\u0430\u0442\u0438\u0447\u0435\u0441\u043a\u043e\u0439 \u0440\u0435\u0448\u0435\u0442\u043a\u043e\u0439 (\u0434\u043b\u044f \u0434\u043e\u0433\u043e\u0432\u043e\u0440\u043d\u044b\u0445 \u043f\u0430\u0440\u0442\u043d\u0451\u0440\u043e\u0432 &#8212; Elva RVP, Vinni RVP)<\/td>\n<td style=\"width: 7.70568%; text-align: center;\">\u043c\u00b3<\/td>\n<td style=\"width: 5.49886%; text-align: center;\">1<\/td>\n<td style=\"width: 16.4124%; text-align: center;\">2,50 \u20ac<\/td>\n<td style=\"width: 16.6359%; text-align: center;\">3,05 \u20ac<\/td>\n<\/tr>\n<tr style=\"height: 24px;\">\n<td style=\"width: 43.5377%; height: 24px;\">\u0411\u0443\u0445\u0433\u0430\u043b\u0442\u0435\u0440\u0441\u043a\u0438\u0435 \u0443\u0441\u043b\u0443\u0433\u0438<\/td>\n<td style=\"width: 7.70568%; text-align: center; height: 24px;\">\u0441\u0447\u0451\u0442<\/td>\n<td style=\"width: 5.49886%; text-align: center; height: 24px;\">1<\/td>\n<td style=\"width: 16.4124%; text-align: center; height: 24px;\">5 \u20ac<\/td>\n<td style=\"width: 16.6359%; text-align: center; height: 24px;\">6,10 \u20ac<\/td>\n<\/tr>\n<tr style=\"height: 48px;\">\n<td style=\"width: 43.5377%; height: 48px;\">\u0414\u043e\u043f\u043e\u043b\u043d\u0438\u0442\u0435\u043b\u044c\u043d\u044b\u0439 \u0443\u043b\u044c\u0442\u0440\u0430\u0437\u0432\u0443\u043a\u043e\u0432\u043e\u0439 \u0432\u043e\u0434\u043e\u043c\u0435\u0440 (DN15, DN20) \u2014 \u0432 \u0446\u0435\u043d\u0443 \u0432\u0445\u043e\u0434\u0438\u0442 \u0432\u043e\u0434\u043e\u043c\u0435\u0440, \u0435\u0433\u043e \u0443\u0441\u0442\u0430\u043d\u043e\u0432\u043a\u0430 \u0438 \u0441\u0442\u0440\u043e\u0438\u0442\u0435\u043b\u044c\u0441\u0442\u0432\u043e \u0443\u0437\u043b\u0430 \u0443\u0447\u0435\u0442\u0430 \u0432\u043e\u0434\u044b<\/td>\n<td style=\"width: 7.70568%; text-align: center; height: 48px;\">\u0448\u0442.<\/td>\n<td style=\"width: 5.49886%; text-align: center; height: 48px;\">1<\/td>\n<td style=\"width: 16.4124%; text-align: center; height: 48px;\">150 \u20ac<\/td>\n<td style=\"width: 16.6359%; text-align: center; height: 48px;\">183 \u20ac<\/td>\n<\/tr>\n<tr style=\"height: 24px;\">\n<td style=\"width: 43.5377%; height: 24px;\">\u041f\u043b\u0430\u0442\u0430 \u0437\u0430 \u043f\u043e\u0432\u0435\u0440\u043a\u0443 \u0443\u043b\u044c\u0442\u0440\u0430\u0437\u0432\u0443\u043a\u043e\u0432\u043e\u0433\u043e \u0432\u043e\u0434\u043e\u043c\u0435\u0440\u0430 (\u0432\u043e\u0434\u043e\u043c\u0435\u0440 \u043f\u0440\u0438\u043d\u0430\u0434\u043b\u0435\u0436\u0438\u0442 \u043a\u043b\u0438\u0435\u043d\u0442\u0443) *1*2<\/td>\n<td style=\"width: 7.70568%; text-align: center; height: 24px;\">\u0448\u0442.<\/td>\n<td style=\"width: 5.49886%; text-align: center; height: 24px;\">1<\/td>\n<td style=\"width: 16.4124%; text-align: center; height: 24px;\">\u0432 \u0441\u043e\u043e\u0442\u0432\u0435\u0442\u0441\u0442\u0432\u0438\u0438 \u0441 \u043f\u0440\u0435\u0439\u0441\u043a\u0443\u0440\u0430\u043d\u0442\u043e\u043c \u0443\u0447\u0440\u0435\u0436\u0434\u0435\u043d\u0438\u044f \u043e\u0441\u0443\u0449\u0435\u0441\u0442\u0432\u043b\u044f\u044e\u0449\u0435\u0433\u043e \u043f\u043e\u0432\u0435\u0440\u043a\u0443<\/td>\n<td style=\"width: 16.6359%; text-align: center; height: 24px;\">\u0432 \u0441\u043e\u043e\u0442\u0432\u0435\u0442\u0441\u0442\u0432\u0438\u0438 \u0441 \u043f\u0440\u0435\u0439\u0441\u043a\u0443\u0440\u0430\u043d\u0442\u043e\u043c \u0443\u0447\u0440\u0435\u0436\u0434\u0435\u043d\u0438\u044f \u043e\u0441\u0443\u0449\u0435\u0441\u0442\u0432\u043b\u044f\u044e\u0449\u0435\u0433\u043e \u043f\u043e\u0432\u0435\u0440\u043a\u0443<\/td>\n<\/tr>\n<tr style=\"height: 24px;\">\n<td style=\"width: 43.5377%; height: 24px;\">*1 \u2014 \u0414\u043e\u0431\u0430\u0432\u043b\u044f\u0435\u0442\u0441\u044f \u0441\u0442\u043e\u0438\u043c\u043e\u0441\u0442\u044c \u0432\u044b\u0437\u043e\u0432\u0430<\/td>\n<td style=\"width: 7.70568%; text-align: center; height: 24px;\">\u0448\u0442.<\/td>\n<td style=\"width: 5.49886%; text-align: center; height: 24px;\">1<\/td>\n<td style=\"width: 16.4124%; text-align: center; height: 24px;\">25 \u20ac<\/td>\n<td style=\"width: 16.6359%; text-align: center; height: 24px;\">30,50 \u20ac<\/td>\n<\/tr>\n<tr style=\"height: 24px;\">\n<td style=\"width: 43.5377%; height: 24px;\">*2 \u2014 \u0414\u043e\u0431\u0430\u0432\u043b\u044f\u0435\u0442\u0441\u044f \u0443\u0441\u043b\u0443\u0433\u0430 \u043f\u0435\u0440\u0441\u043e\u043d\u0430\u043b\u0430\/\u0441\u043b\u0435\u0441\u0430\u0440\u044f<\/td>\n<td style=\"width: 7.70568%; text-align: center; height: 24px;\">\u0447\u0430\u0441<\/td>\n<td style=\"width: 5.49886%; text-align: center; height: 24px;\">1<\/td>\n<td style=\"width: 16.4124%; text-align: center; height: 24px;\">30 \u20ac<\/td>\n<td style=\"width: 16.6359%; text-align: center; height: 24px;\">36,60 \u20ac<\/td>\n<\/tr>\n<tr>\n<td style=\"width: 43.5377%;\">*3 \u2013 kokkulepitud ajaks mitteilmumine v\u00f5i sellest teavitamata j\u00e4tmine v\u00e4hemalt 2 tundi ette<\/td>\n<td style=\"width: 7.70568%; text-align: center;\"><\/td>\n<td style=\"width: 5.49886%; text-align: center;\"><\/td>\n<td style=\"width: 16.4124%; text-align: center;\"><\/td>\n<td style=\"width: 16.6359%; text-align: center;\"><\/td>\n<\/tr>\n<\/tbody>\n<\/table>\n<ul>\n<li><span style=\"color: #f75969;\"><strong>\u0412 \u043d\u0435\u0440\u0430\u0431\u043e\u0447\u0435\u0435 \u0432\u0440\u0435\u043c\u044f (\u043f\u043e \u0431\u0443\u0434\u043d\u044f\u043c \u0434\u043e 8:00 \u0438 \u043f\u043e\u0441\u043b\u0435 17:00 + \u0432\u044b\u0445\u043e\u0434\u043d\u044b\u0435) \u043a \u0440\u0430\u0441\u0445\u043e\u0434\u0430\u043c \u043d\u0430 \u043e\u043f\u043b\u0430\u0442\u0443 \u0442\u0440\u0443\u0434\u0430 \u043f\u0440\u0438\u043c\u0435\u043d\u044f\u0435\u0442\u0441\u044f \u043a\u043e\u044d\u0444\u0444\u0438\u0446\u0438\u0435\u043d\u0442 1,5<\/strong><\/span><\/li>\n<li><span style=\"color: #f75969;\"><strong>\u0412\u043e \u0432\u0440\u0435\u043c\u044f \u0433\u043e\u0441\u0443\u0434\u0430\u0440\u0441\u0442\u0432\u0435\u043d\u043d\u044b\u0445 \u043f\u0440\u0430\u0437\u0434\u043d\u0438\u043a\u043e\u0432 \u043a \u0440\u0430\u0441\u0445\u043e\u0434\u0430\u043c \u043d\u0430 \u043e\u043f\u043b\u0430\u0442\u0443 \u0442\u0440\u0443\u0434\u0430 \u043f\u0440\u0438\u043c\u0435\u043d\u044f\u0435\u0442\u0441\u044f \u043a\u043e\u044d\u0444\u0444\u0438\u0446\u0438\u0435\u043d\u0442 2,0<\/strong><\/span><\/li>\n<\/ul>\n<p>[\/vc_column_text][\/vc_column][\/vc_row]<\/p>\n","protected":false},"excerpt":{"rendered":"<p>[vc_row][vc_column][vc_column_text] AS Emaj\u00f5e Veev\u00e4rk \u043d\u0435 \u043f\u0440\u0435\u0434\u043e\u0441\u0442\u0430\u0432\u043b\u044f\u0435\u0442 \u0441\u0430\u043d\u0438\u0442\u0430\u0440\u043d\u043e-\u0442\u0435\u0445\u043d\u0438\u0447\u0435\u0441\u043a\u0438\u0445 \u0443\u0441\u043b\u0443\u0433 \u0432\u043d\u0443\u0442\u0440\u0438 \u0437\u0434\u0430\u043d\u0438\u0439 \u0438 \u043d\u0430 \u0443\u0447\u0430\u0441\u0442\u043a\u0430\u0445 \u043d\u0435\u0434\u0432\u0438\u0436\u0438\u043c\u043e\u0441\u0442\u0438 \u0437\u0430\u043a\u0430\u0437\u0447\u0438\u043a\u0430! \u0415\u0434\u0438\u043d\u0438\u0446\u0430 \u0438\u0437\u043c\u0435\u0440\u0435\u043d\u0438\u044f \u041c\u0438\u043d. \u041a\u043e\u043b-\u0432\u043e \u0426\u0435\u043d\u0430 \u0431\u0435\u0437 \u041d\u0421\u041e \u0426\u0435\u043d\u0430 \u0441 \u041d\u0421\u041e \u0423\u0441\u043b\u0443\u0433\u0430 \u0441\u043b\u0435\u0441\u0430\u0440\u044f *1 \u0447\u0430\u0441 1 30 \u20ac 36,60 \u20ac \u041d\u0430\u0434\u0437\u043e\u0440 \u0437\u0430 \u0441\u0442\u0440\u043e\u0438\u0442\u0435\u043b\u044c\u0441\u0442\u0432\u043e\u043c \u0438\u043b\u0438 \u0443\u0441\u043b\u0443\u0433\u0430 \u0440\u0443\u043a\u043e\u0432\u043e\u0434\u0438\u0442\u0435\u043b\u044f \u0440\u0430\u0431\u043e\u0442 *1 \u0447\u0430\u0441 1 35 \u20ac 42,70 \u20ac Lisaarvesti v\u00f5i ajutise arvesti plommimine \u0448\u0442. 1 [&hellip;]<\/p>\n","protected":false},"author":1,"featured_media":0,"parent":0,"menu_order":0,"comment_status":"closed","ping_status":"closed","template":"","meta":{"footnotes":"","_links_to":"","_links_to_target":""},"class_list":["post-3383","page","type-page","status-publish","hentry"],"yoast_head":"<!-- This site is optimized with the Yoast SEO plugin v24.9 - https:\/\/yoast.com\/wordpress\/plugins\/seo\/ -->\n<title>\u041f\u0440\u0435\u0439\u0441\u043a\u0443\u0440\u0430\u043d\u0442 \u0434\u043e\u043f\u043e\u043b\u043d\u0438\u0442\u0435\u043b\u044c\u043d\u044b\u0445 \u0443\u0441\u043b\u0443\u0433 - Emaj\u00f5e Veev\u00e4rk<\/title>\n<meta name=\"robots\" content=\"index, follow, max-snippet:-1, max-image-preview:large, max-video-preview:-1\" \/>\n<link rel=\"canonical\" href=\"https:\/\/php83.evv.ee\/teenustoode-hinnakiri-2\/\" \/>\n<meta property=\"og:locale\" content=\"ru_RU\" \/>\n<meta property=\"og:type\" content=\"article\" \/>\n<meta property=\"og:title\" content=\"\u041f\u0440\u0435\u0439\u0441\u043a\u0443\u0440\u0430\u043d\u0442 \u0434\u043e\u043f\u043e\u043b\u043d\u0438\u0442\u0435\u043b\u044c\u043d\u044b\u0445 \u0443\u0441\u043b\u0443\u0433 - Emaj\u00f5e Veev\u00e4rk\" \/>\n<meta property=\"og:description\" content=\"[vc_row][vc_column][vc_column_text] AS Emaj\u00f5e Veev\u00e4rk \u043d\u0435 \u043f\u0440\u0435\u0434\u043e\u0441\u0442\u0430\u0432\u043b\u044f\u0435\u0442 \u0441\u0430\u043d\u0438\u0442\u0430\u0440\u043d\u043e-\u0442\u0435\u0445\u043d\u0438\u0447\u0435\u0441\u043a\u0438\u0445 \u0443\u0441\u043b\u0443\u0433 \u0432\u043d\u0443\u0442\u0440\u0438 \u0437\u0434\u0430\u043d\u0438\u0439 \u0438 \u043d\u0430 \u0443\u0447\u0430\u0441\u0442\u043a\u0430\u0445 \u043d\u0435\u0434\u0432\u0438\u0436\u0438\u043c\u043e\u0441\u0442\u0438 \u0437\u0430\u043a\u0430\u0437\u0447\u0438\u043a\u0430! \u0415\u0434\u0438\u043d\u0438\u0446\u0430 \u0438\u0437\u043c\u0435\u0440\u0435\u043d\u0438\u044f \u041c\u0438\u043d. \u041a\u043e\u043b-\u0432\u043e \u0426\u0435\u043d\u0430 \u0431\u0435\u0437 \u041d\u0421\u041e \u0426\u0435\u043d\u0430 \u0441 \u041d\u0421\u041e \u0423\u0441\u043b\u0443\u0433\u0430 \u0441\u043b\u0435\u0441\u0430\u0440\u044f *1 \u0447\u0430\u0441 1 30 \u20ac 36,60 \u20ac \u041d\u0430\u0434\u0437\u043e\u0440 \u0437\u0430 \u0441\u0442\u0440\u043e\u0438\u0442\u0435\u043b\u044c\u0441\u0442\u0432\u043e\u043c \u0438\u043b\u0438 \u0443\u0441\u043b\u0443\u0433\u0430 \u0440\u0443\u043a\u043e\u0432\u043e\u0434\u0438\u0442\u0435\u043b\u044f \u0440\u0430\u0431\u043e\u0442 *1 \u0447\u0430\u0441 1 35 \u20ac 42,70 \u20ac Lisaarvesti v\u00f5i ajutise arvesti plommimine \u0448\u0442. 1 [&hellip;]\" \/>\n<meta property=\"og:url\" content=\"https:\/\/php83.evv.ee\/teenustoode-hinnakiri-2\/\" \/>\n<meta property=\"og:site_name\" content=\"Emaj\u00f5e Veev\u00e4rk\" \/>\n<meta property=\"article:modified_time\" content=\"2024-03-11T11:02:03+00:00\" \/>\n<meta name=\"twitter:card\" content=\"summary_large_image\" \/>\n<script type=\"application\/ld+json\" class=\"yoast-schema-graph\">{\"@context\":\"https:\/\/schema.org\",\"@graph\":[{\"@type\":\"WebPage\",\"@id\":\"https:\/\/php83.evv.ee\/teenustoode-hinnakiri-2\/\",\"url\":\"https:\/\/php83.evv.ee\/teenustoode-hinnakiri-2\/\",\"name\":\"\u041f\u0440\u0435\u0439\u0441\u043a\u0443\u0440\u0430\u043d\u0442 \u0434\u043e\u043f\u043e\u043b\u043d\u0438\u0442\u0435\u043b\u044c\u043d\u044b\u0445 \u0443\u0441\u043b\u0443\u0433 - Emaj\u00f5e Veev\u00e4rk\",\"isPartOf\":{\"@id\":\"https:\/\/php83.evv.ee\/#website\"},\"datePublished\":\"2017-10-09T07:54:20+00:00\",\"dateModified\":\"2024-03-11T11:02:03+00:00\",\"breadcrumb\":{\"@id\":\"https:\/\/php83.evv.ee\/teenustoode-hinnakiri-2\/#breadcrumb\"},\"inLanguage\":\"ru-RU\",\"potentialAction\":[{\"@type\":\"ReadAction\",\"target\":[\"https:\/\/php83.evv.ee\/teenustoode-hinnakiri-2\/\"]}]},{\"@type\":\"BreadcrumbList\",\"@id\":\"https:\/\/php83.evv.ee\/teenustoode-hinnakiri-2\/#breadcrumb\",\"itemListElement\":[{\"@type\":\"ListItem\",\"position\":1,\"name\":\"Home\",\"item\":\"https:\/\/php83.evv.ee\/ru\/\"},{\"@type\":\"ListItem\",\"position\":2,\"name\":\"\u041f\u0440\u0435\u0439\u0441\u043a\u0443\u0440\u0430\u043d\u0442 \u0434\u043e\u043f\u043e\u043b\u043d\u0438\u0442\u0435\u043b\u044c\u043d\u044b\u0445 \u0443\u0441\u043b\u0443\u0433\"}]},{\"@type\":\"WebSite\",\"@id\":\"https:\/\/php83.evv.ee\/#website\",\"url\":\"https:\/\/php83.evv.ee\/\",\"name\":\"Emaj\u00f5e Veev\u00e4rk\",\"description\":\"Kvaliteetne veeteenus\",\"potentialAction\":[{\"@type\":\"SearchAction\",\"target\":{\"@type\":\"EntryPoint\",\"urlTemplate\":\"https:\/\/php83.evv.ee\/?s={search_term_string}\"},\"query-input\":{\"@type\":\"PropertyValueSpecification\",\"valueRequired\":true,\"valueName\":\"search_term_string\"}}],\"inLanguage\":\"ru-RU\"}]}<\/script>\n<!-- \/ Yoast SEO plugin. -->","yoast_head_json":{"title":"\u041f\u0440\u0435\u0439\u0441\u043a\u0443\u0440\u0430\u043d\u0442 \u0434\u043e\u043f\u043e\u043b\u043d\u0438\u0442\u0435\u043b\u044c\u043d\u044b\u0445 \u0443\u0441\u043b\u0443\u0433 - Emaj\u00f5e Veev\u00e4rk","robots":{"index":"index","follow":"follow","max-snippet":"max-snippet:-1","max-image-preview":"max-image-preview:large","max-video-preview":"max-video-preview:-1"},"canonical":"https:\/\/php83.evv.ee\/teenustoode-hinnakiri-2\/","og_locale":"ru_RU","og_type":"article","og_title":"\u041f\u0440\u0435\u0439\u0441\u043a\u0443\u0440\u0430\u043d\u0442 \u0434\u043e\u043f\u043e\u043b\u043d\u0438\u0442\u0435\u043b\u044c\u043d\u044b\u0445 \u0443\u0441\u043b\u0443\u0433 - Emaj\u00f5e Veev\u00e4rk","og_description":"[vc_row][vc_column][vc_column_text] AS Emaj\u00f5e Veev\u00e4rk \u043d\u0435 \u043f\u0440\u0435\u0434\u043e\u0441\u0442\u0430\u0432\u043b\u044f\u0435\u0442 \u0441\u0430\u043d\u0438\u0442\u0430\u0440\u043d\u043e-\u0442\u0435\u0445\u043d\u0438\u0447\u0435\u0441\u043a\u0438\u0445 \u0443\u0441\u043b\u0443\u0433 \u0432\u043d\u0443\u0442\u0440\u0438 \u0437\u0434\u0430\u043d\u0438\u0439 \u0438 \u043d\u0430 \u0443\u0447\u0430\u0441\u0442\u043a\u0430\u0445 \u043d\u0435\u0434\u0432\u0438\u0436\u0438\u043c\u043e\u0441\u0442\u0438 \u0437\u0430\u043a\u0430\u0437\u0447\u0438\u043a\u0430! \u0415\u0434\u0438\u043d\u0438\u0446\u0430 \u0438\u0437\u043c\u0435\u0440\u0435\u043d\u0438\u044f \u041c\u0438\u043d. \u041a\u043e\u043b-\u0432\u043e \u0426\u0435\u043d\u0430 \u0431\u0435\u0437 \u041d\u0421\u041e \u0426\u0435\u043d\u0430 \u0441 \u041d\u0421\u041e \u0423\u0441\u043b\u0443\u0433\u0430 \u0441\u043b\u0435\u0441\u0430\u0440\u044f *1 \u0447\u0430\u0441 1 30 \u20ac 36,60 \u20ac \u041d\u0430\u0434\u0437\u043e\u0440 \u0437\u0430 \u0441\u0442\u0440\u043e\u0438\u0442\u0435\u043b\u044c\u0441\u0442\u0432\u043e\u043c \u0438\u043b\u0438 \u0443\u0441\u043b\u0443\u0433\u0430 \u0440\u0443\u043a\u043e\u0432\u043e\u0434\u0438\u0442\u0435\u043b\u044f \u0440\u0430\u0431\u043e\u0442 *1 \u0447\u0430\u0441 1 35 \u20ac 42,70 \u20ac Lisaarvesti v\u00f5i ajutise arvesti plommimine \u0448\u0442. 1 [&hellip;]","og_url":"https:\/\/php83.evv.ee\/teenustoode-hinnakiri-2\/","og_site_name":"Emaj\u00f5e Veev\u00e4rk","article_modified_time":"2024-03-11T11:02:03+00:00","twitter_card":"summary_large_image","schema":{"@context":"https:\/\/schema.org","@graph":[{"@type":"WebPage","@id":"https:\/\/php83.evv.ee\/teenustoode-hinnakiri-2\/","url":"https:\/\/php83.evv.ee\/teenustoode-hinnakiri-2\/","name":"\u041f\u0440\u0435\u0439\u0441\u043a\u0443\u0440\u0430\u043d\u0442 \u0434\u043e\u043f\u043e\u043b\u043d\u0438\u0442\u0435\u043b\u044c\u043d\u044b\u0445 \u0443\u0441\u043b\u0443\u0433 - Emaj\u00f5e Veev\u00e4rk","isPartOf":{"@id":"https:\/\/php83.evv.ee\/#website"},"datePublished":"2017-10-09T07:54:20+00:00","dateModified":"2024-03-11T11:02:03+00:00","breadcrumb":{"@id":"https:\/\/php83.evv.ee\/teenustoode-hinnakiri-2\/#breadcrumb"},"inLanguage":"ru-RU","potentialAction":[{"@type":"ReadAction","target":["https:\/\/php83.evv.ee\/teenustoode-hinnakiri-2\/"]}]},{"@type":"BreadcrumbList","@id":"https:\/\/php83.evv.ee\/teenustoode-hinnakiri-2\/#breadcrumb","itemListElement":[{"@type":"ListItem","position":1,"name":"Home","item":"https:\/\/php83.evv.ee\/ru\/"},{"@type":"ListItem","position":2,"name":"\u041f\u0440\u0435\u0439\u0441\u043a\u0443\u0440\u0430\u043d\u0442 \u0434\u043e\u043f\u043e\u043b\u043d\u0438\u0442\u0435\u043b\u044c\u043d\u044b\u0445 \u0443\u0441\u043b\u0443\u0433"}]},{"@type":"WebSite","@id":"https:\/\/php83.evv.ee\/#website","url":"https:\/\/php83.evv.ee\/","name":"Emaj\u00f5e Veev\u00e4rk","description":"Kvaliteetne veeteenus","potentialAction":[{"@type":"SearchAction","target":{"@type":"EntryPoint","urlTemplate":"https:\/\/php83.evv.ee\/?s={search_term_string}"},"query-input":{"@type":"PropertyValueSpecification","valueRequired":true,"valueName":"search_term_string"}}],"inLanguage":"ru-RU"}]}},"_links":{"self":[{"href":"https:\/\/php83.evv.ee\/ru\/wp-json\/wp\/v2\/pages\/3383","targetHints":{"allow":["GET"]}}],"collection":[{"href":"https:\/\/php83.evv.ee\/ru\/wp-json\/wp\/v2\/pages"}],"about":[{"href":"https:\/\/php83.evv.ee\/ru\/wp-json\/wp\/v2\/types\/page"}],"author":[{"embeddable":true,"href":"https:\/\/php83.evv.ee\/ru\/wp-json\/wp\/v2\/users\/1"}],"replies":[{"embeddable":true,"href":"https:\/\/php83.evv.ee\/ru\/wp-json\/wp\/v2\/comments?post=3383"}],"version-history":[{"count":18,"href":"https:\/\/php83.evv.ee\/ru\/wp-json\/wp\/v2\/pages\/3383\/revisions"}],"predecessor-version":[{"id":9556,"href":"https:\/\/php83.evv.ee\/ru\/wp-json\/wp\/v2\/pages\/3383\/revisions\/9556"}],"wp:attachment":[{"href":"https:\/\/php83.evv.ee\/ru\/wp-json\/wp\/v2\/media?parent=3383"}],"curies":[{"name":"wp","href":"https:\/\/api.w.org\/{rel}","templated":true}]}}