{"id":3402,"date":"2017-09-20T12:21:45","date_gmt":"2017-09-20T09:21:45","guid":{"rendered":"https:\/\/www.evv.ee\/avaleht\/"},"modified":"2025-04-02T15:09:24","modified_gmt":"2025-04-02T12:09:24","slug":"avaleht","status":"publish","type":"page","link":"https:\/\/php83.evv.ee\/ru\/","title":{"rendered":"Avaleht"},"content":{"rendered":"<p>[vc_row css=&#187;.vc_custom_1505982536456{padding-top: 30px !important;}&#187;][vc_column width=&#187;1\/3&#8243;][vc_column_text]<\/p>\n<h2 class=\"section-title\">AS Emaj\u00f5e Veev\u00e4rk<\/h2>\n<p>\u041f\u0440\u0435\u0434\u043f\u0440\u0438\u044f\u0442\u0438\u0435 AS Emaj\u00f5e Veev\u00e4rk \u0431\u044b\u043b\u043e \u0441\u043e\u0437\u0434\u0430\u043d\u043e \u043c\u0435\u0441\u0442\u043d\u044b\u043c\u0438 \u0441\u0430\u043c\u043e\u0443\u043f\u0440\u0430\u0432\u043b\u0435\u043d\u0438\u044f\u043c\u0438 \u0432 2004 \u0433\u043e\u0434\u0443 \u043f\u043e \u0438\u043d\u0438\u0446\u0438\u0430\u0442\u0438\u0432\u0435 \u041c\u0438\u043d\u0438\u0441\u0442\u0435\u0440\u0441\u0442\u0432\u0430 \u043e\u043a\u0440\u0443\u0436\u0430\u044e\u0449\u0435\u0439 \u0441\u0440\u0435\u0434\u044b.<\/p>\n<p>\u041f\u0440\u0435\u0434\u043f\u0440\u0438\u044f\u0442\u0438\u0435 \u043f\u0440\u0435\u0434\u043e\u0441\u0442\u0430\u0432\u043b\u044f\u0435\u0442 \u0443\u0441\u043b\u0443\u0433\u0438 \u0432\u043e\u0434\u043e\u0441\u043d\u0430\u0431\u0436\u0435\u043d\u0438\u044f \u0432 123 \u043d\u0430\u0441\u0435\u043b\u0435\u043d\u043d\u044b\u0445 \u043f\u0443\u043d\u043a\u0442\u0430\u0445, \u043a\u043e\u0442\u043e\u0440\u044b\u0435 \u0440\u0430\u0441\u043f\u043e\u043b\u043e\u0436\u0435\u043d\u044b \u0432 5 \u0443\u0435\u0437\u0434\u0430\u0445.<\/p>\n<p>\u0426\u0435\u043b\u044f\u043c\u0438 \u043f\u0440\u0435\u0434\u043f\u0440\u0438\u044f\u0442\u0438\u044f \u044f\u0432\u043b\u044f\u044e\u0442\u0441\u044f:<\/p>\n<p>*\u041f\u043e\u0434\u0434\u0435\u0440\u0436\u0430\u043d\u0438\u0435 \u0438\u043d\u0444\u0440\u0430\u0441\u0442\u0440\u0443\u043a\u0442\u0443\u0440\u044b \u0432\u043e\u0434\u043d\u043e\u0433\u043e \u0445\u043e\u0437\u044f\u0439\u0441\u0442\u0432\u0430 \u043d\u0430 \u0430\u0434\u043c\u0438\u043d\u0438\u0441\u0442\u0440\u0430\u0442\u0438\u0432\u043d\u043e\u0439 \u0442\u0435\u0440\u0440\u0438\u0442\u043e\u0440\u0438\u0438 \u043f\u0440\u0435\u0434\u043f\u0440\u0438\u044f\u0442\u0438\u044f \u0432 \u0441\u043e\u043e\u0442\u0432\u0435\u0442\u0441\u0442\u0432\u0438\u0438 \u0441 \u0434\u0435\u0439\u0441\u0442\u0432\u0443\u044e\u0449\u0438\u043c\u0438 \u0442\u0440\u0435\u0431\u043e\u0432\u0430\u043d\u0438\u044f\u043c\u0438 \u0434\u043b\u044f \u043f\u0440\u0435\u0434\u043e\u0441\u0442\u0430\u0432\u043b\u0435\u043d\u0438\u044f \u043a\u043b\u0438\u0435\u043d\u0442\u0430\u043c \u043a\u0430\u0447\u0435\u0441\u0442\u0432\u0435\u043d\u043d\u044b\u0445 \u0443\u0441\u043b\u0443\u0433 \u0432\u043e\u0434\u043e\u0441\u043d\u0430\u0431\u0436\u0435\u043d\u0438\u044f.<\/p>\n<p>*\u041e\u0431\u0435\u0441\u043f\u0435\u0447\u0435\u043d\u0438\u0435 \u0434\u043e\u043b\u0433\u043e\u0441\u0440\u043e\u0447\u043d\u043e\u0433\u043e \u0438 \u0443\u0441\u0442\u043e\u0439\u0447\u0438\u0432\u043e \u0440\u0430\u0437\u0432\u0438\u0432\u0430\u044e\u0449\u0435\u0433\u043e\u0441\u044f \u0432\u043e\u0434\u043e\u0441\u043d\u0430\u0431\u0436\u0435\u043d\u0438\u044f \u0437\u0430 \u0441\u0447\u0435\u0442 \u0434\u0430\u043b\u044c\u043d\u0435\u0439\u0448\u0438\u0445 \u0438\u043d\u0432\u0435\u0441\u0442\u0438\u0446\u0438\u0439 \u0438 \u044d\u043a\u043e\u043b\u043e\u0433\u0438\u0447\u0435\u0441\u043a\u043e\u0439 \u0434\u0435\u044f\u0442\u0435\u043b\u044c\u043d\u043e\u0441\u0442\u0438 \u0438\u0441\u0445\u043e\u0434\u044f \u0438\u0437 \u043f\u0440\u0438\u043d\u0446\u0438\u043f\u043e\u0432 \u044d\u043a\u043e\u043d\u043e\u043c\u043d\u043e\u0433\u043e \u0438\u0441\u043f\u043e\u043b\u044c\u0437\u043e\u0432\u0430\u043d\u0438\u044f \u0440\u0435\u0441\u0443\u0440\u0441\u043e\u0432.<\/p>\n<p>*\u042d\u0444\u0444\u0435\u043a\u0442\u0438\u0432\u043d\u0430\u044f \u043a\u043e\u043c\u043c\u0435\u0440\u0447\u0435\u0441\u043a\u0430\u044f \u0434\u0435\u044f\u0442\u0435\u043b\u044c\u043d\u043e\u0441\u0442\u044c \u0438 \u0441\u043e\u0446\u0438\u0430\u043b\u044c\u043d\u043e-\u044d\u043a\u043e\u043d\u043e\u043c\u0438\u0447\u0435\u0441\u043a\u043e\u0435 \u0440\u0435\u0433\u0438\u043e\u043d\u0430\u043b\u044c\u043d\u043e\u0435 \u0440\u0430\u0437\u0432\u0438\u0442\u0438\u0435.<\/p>\n<p>AS Emaj\u00f5e Veev\u00e4rk \u044f\u0432\u043b\u044f\u0435\u0442\u0441\u044f \u0447\u043b\u0435\u043d\u043e\u043c <a href=\"https:\/\/evel.ee\/ru\/\" target=\"_blank\" rel=\"noopener noreferrer\">\u0421\u043e\u044e\u0437\u0430 \u0432\u043e\u0434\u043d\u044b\u0445 \u043f\u0440\u0435\u0434\u043f\u0440\u0438\u044f\u0442\u0438\u0439 \u042d\u0441\u0442\u043e\u043d\u0438\u0438<\/a>.<\/p>\n<p><img loading=\"lazy\" decoding=\"async\" class=\"alignnone size-full wp-image-1341\" src=\"https:\/\/www.evv.ee\/wp-content\/uploads\/2017\/09\/logo3.png\" alt=\"\" width=\"165\" height=\"120\" \/>\u00a0 \u00a0<img loading=\"lazy\" decoding=\"async\" class=\"alignnone wp-image-5907 \" src=\"https:\/\/www.evv.ee\/wp-content\/uploads\/2021\/04\/EST-horisontaalne-300x158.jpg\" alt=\"\" width=\"196\" height=\"103\" \/><\/p>\n<p><img loading=\"lazy\" decoding=\"async\" class=\"alignnone wp-image-7839\" src=\"https:\/\/www.evv.ee\/wp-content\/uploads\/2023\/01\/ET-Kaasrahastanud-Euroopa-Liit_POS-scaled.jpg\" alt=\"\" width=\"408\" height=\"98\" \/>[\/vc_column_text][\/vc_column][vc_column width=&#187;1\/3&#8243;][vc_column_text]\r\n\t\t\t<div  class=\"infoblock banners-wrap type-1  fx-cols-1\">\r\n\t\t\t\r\n\t\t\t\t\t\t\t\r\n\t\t\t\r\n\t\t\t\t\r\n\t\t\t\t\t\t<a class=\"banner-item\" title=\"Info\" target=\"_self\" href=\"https:\/\/www.evv.ee\/teade-mustvee-linna-elanikele\">\r\n\t\t\t\t\t\t\r\n\t\t\t<div class=\"banner-inner\">\t\t\t\r\n\t\t\t\t\t\t\t\t\t<h5 class=\"banner-title\">Teade Mustvee linna elanikele\/ \u0423\u0432\u0435\u0434\u043e\u043c\u043b\u0435\u043d\u0438\u0435 \u0434\u043b\u044f \u0436\u0438\u0442\u0435\u043b\u0435\u0439 \u0433\u043e\u0440\u043e\u0434\u0430 \u041c\u0443\u0441\u0442\u0432\u0435\u044d<\/h5>\r\n\t\t\t\t\t\r\n\t\t\t\t\r\n\t\t\t\t<p>Info seoses vee-ettev\u00f5tja m\u00e4\u00e4ramisega Mustvee valla haldusterritooriumil alates 01.04.2024.<\/p>\n<p>\u0412\u0430\u0436\u043d\u0430\u044f \u0438\u043d\u0444\u043e\u0440\u043c\u0430\u0446\u0438\u044f \u0432 \u0441\u0432\u044f\u0437\u0438 \u0441 \u043d\u043e\u0432\u044b\u043c \u043e\u043f\u0435\u0440\u0430\u0442\u043e\u0440\u043e\u043c \u0432\u043e\u0434\u043e\u0441\u043d\u0430\u0431\u0436\u0435\u043d\u0438\u044f \u043d\u0430 \u0430\u0434\u043c\u0438\u043d\u0438\u0441\u0442\u0440\u0430\u0442\u0438\u0432\u043d\u043e\u0439 \u0442\u0435\u0440\u0440\u0438\u0442\u043e\u0440\u0438\u0438 \u0432\u043e\u043b\u043e\u0441\u0442\u0438 \u041c\u0443\u0441\u0442\u0432\u0435\u044d \u043d\u0430\u0447\u0438\u043d\u0430\u044f \u0441 01.04.2024.<\/p>\n\t\r\n\r\n\t\t\t\t\t\t\t\t<div class=\"btn btn-small\">Info<\/div>\r\n\t\t\t\t\t\t\t\t\r\n\t\t\t\t\t\t\t\t\t\t\t\t\t\t\t\t\t<i class=\"licon-quote-open\"><\/i>\r\n\t\t\t\t\t\t\t\t\t\t\t\r\n\t\t\t\t\t\t\t\t<\/div>\t\r\n\t\t\t\r\n\t\t\t\t\t\t<\/a>\r\n\t\t\t\r\n\t\t\t\r\n\t\t\t\r\n\t\t\t\t\t\t\t\r\n\t\t\t\t\r\n\t\t\t<\/div><!--\/ .infoblock-->\r\n\r\n\t\t\t[\/vc_column_text][\/vc_column][vc_column width=&#187;1\/3&#8243; el_class=&#187;front-news&#187;][vc_mad_blog_posts tag_title=&#187;h4&#8243; blog_style=&#187;blog-text&#187; sticky=&#187;&#187; excerpt_count=&#187;150&#8243; posts_per_page=&#187;5&#8243; posts_title_size=&#187;16&#8243; title=&#187;UUDISED\/ EVEL pressiteated&#187;][\/vc_column][\/vc_row]<\/p>\n","protected":false},"excerpt":{"rendered":"<p>[vc_row css=&#187;.vc_custom_1505982536456{padding-top: 30px !important;}&#187;][vc_column width=&#187;1\/3&#8243;][vc_column_text] AS Emaj\u00f5e Veev\u00e4rk \u041f\u0440\u0435\u0434\u043f\u0440\u0438\u044f\u0442\u0438\u0435 AS Emaj\u00f5e Veev\u00e4rk \u0431\u044b\u043b\u043e \u0441\u043e\u0437\u0434\u0430\u043d\u043e \u043c\u0435\u0441\u0442\u043d\u044b\u043c\u0438 \u0441\u0430\u043c\u043e\u0443\u043f\u0440\u0430\u0432\u043b\u0435\u043d\u0438\u044f\u043c\u0438 \u0432 2004 \u0433\u043e\u0434\u0443 \u043f\u043e \u0438\u043d\u0438\u0446\u0438\u0430\u0442\u0438\u0432\u0435 \u041c\u0438\u043d\u0438\u0441\u0442\u0435\u0440\u0441\u0442\u0432\u0430 \u043e\u043a\u0440\u0443\u0436\u0430\u044e\u0449\u0435\u0439 \u0441\u0440\u0435\u0434\u044b. \u041f\u0440\u0435\u0434\u043f\u0440\u0438\u044f\u0442\u0438\u0435 \u043f\u0440\u0435\u0434\u043e\u0441\u0442\u0430\u0432\u043b\u044f\u0435\u0442 \u0443\u0441\u043b\u0443\u0433\u0438 \u0432\u043e\u0434\u043e\u0441\u043d\u0430\u0431\u0436\u0435\u043d\u0438\u044f \u0432 123 \u043d\u0430\u0441\u0435\u043b\u0435\u043d\u043d\u044b\u0445 \u043f\u0443\u043d\u043a\u0442\u0430\u0445, \u043a\u043e\u0442\u043e\u0440\u044b\u0435 \u0440\u0430\u0441\u043f\u043e\u043b\u043e\u0436\u0435\u043d\u044b \u0432 5 \u0443\u0435\u0437\u0434\u0430\u0445. \u0426\u0435\u043b\u044f\u043c\u0438 \u043f\u0440\u0435\u0434\u043f\u0440\u0438\u044f\u0442\u0438\u044f \u044f\u0432\u043b\u044f\u044e\u0442\u0441\u044f: *\u041f\u043e\u0434\u0434\u0435\u0440\u0436\u0430\u043d\u0438\u0435 \u0438\u043d\u0444\u0440\u0430\u0441\u0442\u0440\u0443\u043a\u0442\u0443\u0440\u044b \u0432\u043e\u0434\u043d\u043e\u0433\u043e \u0445\u043e\u0437\u044f\u0439\u0441\u0442\u0432\u0430 \u043d\u0430 \u0430\u0434\u043c\u0438\u043d\u0438\u0441\u0442\u0440\u0430\u0442\u0438\u0432\u043d\u043e\u0439 \u0442\u0435\u0440\u0440\u0438\u0442\u043e\u0440\u0438\u0438 \u043f\u0440\u0435\u0434\u043f\u0440\u0438\u044f\u0442\u0438\u044f \u0432 \u0441\u043e\u043e\u0442\u0432\u0435\u0442\u0441\u0442\u0432\u0438\u0438 \u0441 \u0434\u0435\u0439\u0441\u0442\u0432\u0443\u044e\u0449\u0438\u043c\u0438 \u0442\u0440\u0435\u0431\u043e\u0432\u0430\u043d\u0438\u044f\u043c\u0438 \u0434\u043b\u044f \u043f\u0440\u0435\u0434\u043e\u0441\u0442\u0430\u0432\u043b\u0435\u043d\u0438\u044f [&hellip;]<\/p>\n","protected":false},"author":1,"featured_media":0,"parent":0,"menu_order":0,"comment_status":"closed","ping_status":"closed","template":"","meta":{"footnotes":"","_links_to":"","_links_to_target":""},"class_list":["post-3402","page","type-page","status-publish","hentry"],"yoast_head":"<!-- This site is optimized with the Yoast SEO plugin v24.9 - https:\/\/yoast.com\/wordpress\/plugins\/seo\/ -->\n<title>Kvaliteetne veeteenus - AS Emaj\u00f5e Veev\u00e4rk<\/title>\n<meta name=\"robots\" content=\"index, follow, max-snippet:-1, max-image-preview:large, max-video-preview:-1\" \/>\n<link rel=\"canonical\" href=\"https:\/\/php83.evv.ee\/ru\/\" \/>\n<meta property=\"og:locale\" content=\"ru_RU\" \/>\n<meta property=\"og:type\" content=\"article\" \/>\n<meta property=\"og:title\" content=\"Kvaliteetne veeteenus - AS Emaj\u00f5e Veev\u00e4rk\" \/>\n<meta property=\"og:description\" content=\"[vc_row css=&#187;.vc_custom_1505982536456{padding-top: 30px !important;}&#187;][vc_column width=&#187;1\/3&#8243;][vc_column_text] AS Emaj\u00f5e Veev\u00e4rk \u041f\u0440\u0435\u0434\u043f\u0440\u0438\u044f\u0442\u0438\u0435 AS Emaj\u00f5e Veev\u00e4rk \u0431\u044b\u043b\u043e \u0441\u043e\u0437\u0434\u0430\u043d\u043e \u043c\u0435\u0441\u0442\u043d\u044b\u043c\u0438 \u0441\u0430\u043c\u043e\u0443\u043f\u0440\u0430\u0432\u043b\u0435\u043d\u0438\u044f\u043c\u0438 \u0432 2004 \u0433\u043e\u0434\u0443 \u043f\u043e \u0438\u043d\u0438\u0446\u0438\u0430\u0442\u0438\u0432\u0435 \u041c\u0438\u043d\u0438\u0441\u0442\u0435\u0440\u0441\u0442\u0432\u0430 \u043e\u043a\u0440\u0443\u0436\u0430\u044e\u0449\u0435\u0439 \u0441\u0440\u0435\u0434\u044b. \u041f\u0440\u0435\u0434\u043f\u0440\u0438\u044f\u0442\u0438\u0435 \u043f\u0440\u0435\u0434\u043e\u0441\u0442\u0430\u0432\u043b\u044f\u0435\u0442 \u0443\u0441\u043b\u0443\u0433\u0438 \u0432\u043e\u0434\u043e\u0441\u043d\u0430\u0431\u0436\u0435\u043d\u0438\u044f \u0432 123 \u043d\u0430\u0441\u0435\u043b\u0435\u043d\u043d\u044b\u0445 \u043f\u0443\u043d\u043a\u0442\u0430\u0445, \u043a\u043e\u0442\u043e\u0440\u044b\u0435 \u0440\u0430\u0441\u043f\u043e\u043b\u043e\u0436\u0435\u043d\u044b \u0432 5 \u0443\u0435\u0437\u0434\u0430\u0445. \u0426\u0435\u043b\u044f\u043c\u0438 \u043f\u0440\u0435\u0434\u043f\u0440\u0438\u044f\u0442\u0438\u044f \u044f\u0432\u043b\u044f\u044e\u0442\u0441\u044f: *\u041f\u043e\u0434\u0434\u0435\u0440\u0436\u0430\u043d\u0438\u0435 \u0438\u043d\u0444\u0440\u0430\u0441\u0442\u0440\u0443\u043a\u0442\u0443\u0440\u044b \u0432\u043e\u0434\u043d\u043e\u0433\u043e \u0445\u043e\u0437\u044f\u0439\u0441\u0442\u0432\u0430 \u043d\u0430 \u0430\u0434\u043c\u0438\u043d\u0438\u0441\u0442\u0440\u0430\u0442\u0438\u0432\u043d\u043e\u0439 \u0442\u0435\u0440\u0440\u0438\u0442\u043e\u0440\u0438\u0438 \u043f\u0440\u0435\u0434\u043f\u0440\u0438\u044f\u0442\u0438\u044f \u0432 \u0441\u043e\u043e\u0442\u0432\u0435\u0442\u0441\u0442\u0432\u0438\u0438 \u0441 \u0434\u0435\u0439\u0441\u0442\u0432\u0443\u044e\u0449\u0438\u043c\u0438 \u0442\u0440\u0435\u0431\u043e\u0432\u0430\u043d\u0438\u044f\u043c\u0438 \u0434\u043b\u044f \u043f\u0440\u0435\u0434\u043e\u0441\u0442\u0430\u0432\u043b\u0435\u043d\u0438\u044f [&hellip;]\" \/>\n<meta property=\"og:url\" content=\"https:\/\/php83.evv.ee\/ru\/\" \/>\n<meta property=\"og:site_name\" content=\"Emaj\u00f5e Veev\u00e4rk\" \/>\n<meta property=\"article:modified_time\" content=\"2025-04-02T12:09:24+00:00\" \/>\n<meta property=\"og:image\" content=\"https:\/\/php83.evv.ee\/wp-content\/uploads\/2017\/09\/logo3.png\" \/>\n\t<meta property=\"og:image:width\" content=\"165\" \/>\n\t<meta property=\"og:image:height\" content=\"120\" \/>\n\t<meta property=\"og:image:type\" content=\"image\/png\" \/>\n<meta name=\"twitter:card\" content=\"summary_large_image\" \/>\n<meta name=\"twitter:label1\" content=\"Est. reading time\" \/>\n\t<meta name=\"twitter:data1\" content=\"1 \u043c\u0438\u043d\u0443\u0442\u0430\" \/>\n<script type=\"application\/ld+json\" class=\"yoast-schema-graph\">{\"@context\":\"https:\/\/schema.org\",\"@graph\":[{\"@type\":\"WebPage\",\"@id\":\"https:\/\/php83.evv.ee\/ru\/\",\"url\":\"https:\/\/php83.evv.ee\/ru\/\",\"name\":\"Kvaliteetne veeteenus - AS Emaj\u00f5e Veev\u00e4rk\",\"isPartOf\":{\"@id\":\"https:\/\/php83.evv.ee\/#website\"},\"primaryImageOfPage\":{\"@id\":\"https:\/\/php83.evv.ee\/ru\/#primaryimage\"},\"image\":{\"@id\":\"https:\/\/php83.evv.ee\/ru\/#primaryimage\"},\"thumbnailUrl\":\"https:\/\/www.evv.ee\/wp-content\/uploads\/2017\/09\/logo3.png\",\"datePublished\":\"2017-09-20T09:21:45+00:00\",\"dateModified\":\"2025-04-02T12:09:24+00:00\",\"breadcrumb\":{\"@id\":\"https:\/\/php83.evv.ee\/ru\/#breadcrumb\"},\"inLanguage\":\"ru-RU\",\"potentialAction\":[{\"@type\":\"ReadAction\",\"target\":[\"https:\/\/php83.evv.ee\/ru\/\"]}]},{\"@type\":\"ImageObject\",\"inLanguage\":\"ru-RU\",\"@id\":\"https:\/\/php83.evv.ee\/ru\/#primaryimage\",\"url\":\"https:\/\/www.evv.ee\/wp-content\/uploads\/2017\/09\/logo3.png\",\"contentUrl\":\"https:\/\/www.evv.ee\/wp-content\/uploads\/2017\/09\/logo3.png\"},{\"@type\":\"BreadcrumbList\",\"@id\":\"https:\/\/php83.evv.ee\/ru\/#breadcrumb\",\"itemListElement\":[{\"@type\":\"ListItem\",\"position\":1,\"name\":\"Home\",\"item\":\"https:\/\/php83.evv.ee\/ru\/\"},{\"@type\":\"ListItem\",\"position\":2,\"name\":\"Avaleht\"}]},{\"@type\":\"WebSite\",\"@id\":\"https:\/\/php83.evv.ee\/#website\",\"url\":\"https:\/\/php83.evv.ee\/\",\"name\":\"Emaj\u00f5e Veev\u00e4rk\",\"description\":\"Kvaliteetne veeteenus\",\"potentialAction\":[{\"@type\":\"SearchAction\",\"target\":{\"@type\":\"EntryPoint\",\"urlTemplate\":\"https:\/\/php83.evv.ee\/?s={search_term_string}\"},\"query-input\":{\"@type\":\"PropertyValueSpecification\",\"valueRequired\":true,\"valueName\":\"search_term_string\"}}],\"inLanguage\":\"ru-RU\"}]}<\/script>\n<!-- \/ Yoast SEO plugin. -->","yoast_head_json":{"title":"Kvaliteetne veeteenus - AS Emaj\u00f5e Veev\u00e4rk","robots":{"index":"index","follow":"follow","max-snippet":"max-snippet:-1","max-image-preview":"max-image-preview:large","max-video-preview":"max-video-preview:-1"},"canonical":"https:\/\/php83.evv.ee\/ru\/","og_locale":"ru_RU","og_type":"article","og_title":"Kvaliteetne veeteenus - AS Emaj\u00f5e Veev\u00e4rk","og_description":"[vc_row css=&#187;.vc_custom_1505982536456{padding-top: 30px !important;}&#187;][vc_column width=&#187;1\/3&#8243;][vc_column_text] AS Emaj\u00f5e Veev\u00e4rk \u041f\u0440\u0435\u0434\u043f\u0440\u0438\u044f\u0442\u0438\u0435 AS Emaj\u00f5e Veev\u00e4rk \u0431\u044b\u043b\u043e \u0441\u043e\u0437\u0434\u0430\u043d\u043e \u043c\u0435\u0441\u0442\u043d\u044b\u043c\u0438 \u0441\u0430\u043c\u043e\u0443\u043f\u0440\u0430\u0432\u043b\u0435\u043d\u0438\u044f\u043c\u0438 \u0432 2004 \u0433\u043e\u0434\u0443 \u043f\u043e \u0438\u043d\u0438\u0446\u0438\u0430\u0442\u0438\u0432\u0435 \u041c\u0438\u043d\u0438\u0441\u0442\u0435\u0440\u0441\u0442\u0432\u0430 \u043e\u043a\u0440\u0443\u0436\u0430\u044e\u0449\u0435\u0439 \u0441\u0440\u0435\u0434\u044b. \u041f\u0440\u0435\u0434\u043f\u0440\u0438\u044f\u0442\u0438\u0435 \u043f\u0440\u0435\u0434\u043e\u0441\u0442\u0430\u0432\u043b\u044f\u0435\u0442 \u0443\u0441\u043b\u0443\u0433\u0438 \u0432\u043e\u0434\u043e\u0441\u043d\u0430\u0431\u0436\u0435\u043d\u0438\u044f \u0432 123 \u043d\u0430\u0441\u0435\u043b\u0435\u043d\u043d\u044b\u0445 \u043f\u0443\u043d\u043a\u0442\u0430\u0445, \u043a\u043e\u0442\u043e\u0440\u044b\u0435 \u0440\u0430\u0441\u043f\u043e\u043b\u043e\u0436\u0435\u043d\u044b \u0432 5 \u0443\u0435\u0437\u0434\u0430\u0445. \u0426\u0435\u043b\u044f\u043c\u0438 \u043f\u0440\u0435\u0434\u043f\u0440\u0438\u044f\u0442\u0438\u044f \u044f\u0432\u043b\u044f\u044e\u0442\u0441\u044f: *\u041f\u043e\u0434\u0434\u0435\u0440\u0436\u0430\u043d\u0438\u0435 \u0438\u043d\u0444\u0440\u0430\u0441\u0442\u0440\u0443\u043a\u0442\u0443\u0440\u044b \u0432\u043e\u0434\u043d\u043e\u0433\u043e \u0445\u043e\u0437\u044f\u0439\u0441\u0442\u0432\u0430 \u043d\u0430 \u0430\u0434\u043c\u0438\u043d\u0438\u0441\u0442\u0440\u0430\u0442\u0438\u0432\u043d\u043e\u0439 \u0442\u0435\u0440\u0440\u0438\u0442\u043e\u0440\u0438\u0438 \u043f\u0440\u0435\u0434\u043f\u0440\u0438\u044f\u0442\u0438\u044f \u0432 \u0441\u043e\u043e\u0442\u0432\u0435\u0442\u0441\u0442\u0432\u0438\u0438 \u0441 \u0434\u0435\u0439\u0441\u0442\u0432\u0443\u044e\u0449\u0438\u043c\u0438 \u0442\u0440\u0435\u0431\u043e\u0432\u0430\u043d\u0438\u044f\u043c\u0438 \u0434\u043b\u044f \u043f\u0440\u0435\u0434\u043e\u0441\u0442\u0430\u0432\u043b\u0435\u043d\u0438\u044f [&hellip;]","og_url":"https:\/\/php83.evv.ee\/ru\/","og_site_name":"Emaj\u00f5e Veev\u00e4rk","article_modified_time":"2025-04-02T12:09:24+00:00","og_image":[{"width":165,"height":120,"url":"https:\/\/php83.evv.ee\/wp-content\/uploads\/2017\/09\/logo3.png","type":"image\/png"}],"twitter_card":"summary_large_image","twitter_misc":{"Est. reading time":"1 \u043c\u0438\u043d\u0443\u0442\u0430"},"schema":{"@context":"https:\/\/schema.org","@graph":[{"@type":"WebPage","@id":"https:\/\/php83.evv.ee\/ru\/","url":"https:\/\/php83.evv.ee\/ru\/","name":"Kvaliteetne veeteenus - AS Emaj\u00f5e Veev\u00e4rk","isPartOf":{"@id":"https:\/\/php83.evv.ee\/#website"},"primaryImageOfPage":{"@id":"https:\/\/php83.evv.ee\/ru\/#primaryimage"},"image":{"@id":"https:\/\/php83.evv.ee\/ru\/#primaryimage"},"thumbnailUrl":"https:\/\/www.evv.ee\/wp-content\/uploads\/2017\/09\/logo3.png","datePublished":"2017-09-20T09:21:45+00:00","dateModified":"2025-04-02T12:09:24+00:00","breadcrumb":{"@id":"https:\/\/php83.evv.ee\/ru\/#breadcrumb"},"inLanguage":"ru-RU","potentialAction":[{"@type":"ReadAction","target":["https:\/\/php83.evv.ee\/ru\/"]}]},{"@type":"ImageObject","inLanguage":"ru-RU","@id":"https:\/\/php83.evv.ee\/ru\/#primaryimage","url":"https:\/\/www.evv.ee\/wp-content\/uploads\/2017\/09\/logo3.png","contentUrl":"https:\/\/www.evv.ee\/wp-content\/uploads\/2017\/09\/logo3.png"},{"@type":"BreadcrumbList","@id":"https:\/\/php83.evv.ee\/ru\/#breadcrumb","itemListElement":[{"@type":"ListItem","position":1,"name":"Home","item":"https:\/\/php83.evv.ee\/ru\/"},{"@type":"ListItem","position":2,"name":"Avaleht"}]},{"@type":"WebSite","@id":"https:\/\/php83.evv.ee\/#website","url":"https:\/\/php83.evv.ee\/","name":"Emaj\u00f5e Veev\u00e4rk","description":"Kvaliteetne veeteenus","potentialAction":[{"@type":"SearchAction","target":{"@type":"EntryPoint","urlTemplate":"https:\/\/php83.evv.ee\/?s={search_term_string}"},"query-input":{"@type":"PropertyValueSpecification","valueRequired":true,"valueName":"search_term_string"}}],"inLanguage":"ru-RU"}]}},"_links":{"self":[{"href":"https:\/\/php83.evv.ee\/ru\/wp-json\/wp\/v2\/pages\/3402","targetHints":{"allow":["GET"]}}],"collection":[{"href":"https:\/\/php83.evv.ee\/ru\/wp-json\/wp\/v2\/pages"}],"about":[{"href":"https:\/\/php83.evv.ee\/ru\/wp-json\/wp\/v2\/types\/page"}],"author":[{"embeddable":true,"href":"https:\/\/php83.evv.ee\/ru\/wp-json\/wp\/v2\/users\/1"}],"replies":[{"embeddable":true,"href":"https:\/\/php83.evv.ee\/ru\/wp-json\/wp\/v2\/comments?post=3402"}],"version-history":[{"count":28,"href":"https:\/\/php83.evv.ee\/ru\/wp-json\/wp\/v2\/pages\/3402\/revisions"}],"predecessor-version":[{"id":10734,"href":"https:\/\/php83.evv.ee\/ru\/wp-json\/wp\/v2\/pages\/3402\/revisions\/10734"}],"wp:attachment":[{"href":"https:\/\/php83.evv.ee\/ru\/wp-json\/wp\/v2\/media?parent=3402"}],"curies":[{"name":"wp","href":"https:\/\/api.w.org\/{rel}","templated":true}]}}