{"id":9540,"date":"2024-03-11T12:04:15","date_gmt":"2024-03-11T10:04:15","guid":{"rendered":"https:\/\/www.evv.ee\/?page_id=9540"},"modified":"2024-03-18T11:08:22","modified_gmt":"2024-03-18T09:08:22","slug":"veeteenuse-hinnakiri","status":"publish","type":"page","link":"https:\/\/php83.evv.ee\/ru\/kliendile\/hinnakiri-ja-arvete-tasumine\/veeteenuse-hinnakiri\/","title":{"rendered":"\u041f\u0440\u0435\u0439\u0441\u043a\u0443\u0440\u0430\u043d\u0442 \u0443\u0441\u043b\u0443\u0433 \u0432\u043e\u0434\u043e\u0441\u043d\u0430\u0431\u0436\u0435\u043d\u0438\u044f \u0438 \u043a\u0430\u043d\u0430\u043b\u0438\u0437\u0430\u0446\u0438\u0438"},"content":{"rendered":"<p><strong>\u0420\u0435\u0448\u0435\u043d\u0438\u0435\u043c \u0414\u0435\u043f\u0430\u0440\u0442\u0430\u043c\u0435\u043d\u0442\u0430 \u043a\u043e\u043d\u043a\u0443\u0440\u0435\u043d\u0446\u0438\u0438 \u2116 9-3\/2024-003 \u043e\u0442 28.02.2024 \u0431\u044b\u043b\u0438 \u0443\u0441\u0442\u0430\u043d\u043e\u0432\u043b\u0435\u043d\u044b \u043d\u043e\u0432\u044b\u0435 \u0446\u0435\u043d\u044b \u043d\u0430 \u0443\u0441\u043b\u0443\u0433\u0438 \u0432\u043e\u0434\u043e\u0441\u043d\u0430\u0431\u0436\u0435\u043d\u0438\u044f \u0438 \u043a\u0430\u043d\u0430\u043b\u0438\u0437\u0430\u0446\u0438\u0438 \u043f\u0440\u0435\u0434\u043e\u0441\u0442\u0430\u0432\u043b\u044f\u0435\u043c\u044b\u0435 AS Emaj\u00f5e Veev\u00e4rk. \u041d\u043e\u0432\u044b\u0435 \u0446\u0435\u043d\u044b \u043d\u0430\u0447\u043d\u0443\u0442 \u0434\u0435\u0439\u0441\u0442\u0432\u043e\u0432\u0430\u0442\u044c \u0441 01.04.2024 \u0438 \u0441 \u043d\u0438\u043c\u0438 \u043c\u043e\u0436\u043d\u043e \u043e\u0437\u043d\u0430\u043a\u043e\u043c\u0438\u0442\u044c\u0441\u044f \u0432 \u043f\u0440\u0438\u0432\u0435\u0434\u0435\u043d\u043d\u043e\u0439 \u043d\u0438\u0436\u0435 \u0442\u0430\u0431\u043b\u0438\u0446\u0435.<\/strong><\/p>\n<p>C \u0440\u0435\u0448\u0435\u043d\u0438\u0435\u043c \u0414\u0435\u043f\u0430\u0440\u0442\u0430\u043c\u0435\u043d\u0442\u0430 \u043a\u043e\u043d\u043a\u0443\u0440\u0435\u043d\u0446\u0438\u0438 \u043c\u043e\u0436\u043d\u043e \u043e\u0437\u043d\u0430\u043a\u043e\u043c\u0438\u0442\u044c\u0441\u044f <a href=\"https:\/\/www.evv.ee\/wp-content\/uploads\/2024\/03\/AS-Emaj\u00f5e-Veev\u00e4rk-\u00fchisveev\u00e4rgi-ja-kanalisatsiooni-teenuse-hinna-m\u00e4\u00e4ramine.pdf\" target=\"_blank\" rel=\"noopener noreferrer\">\u0417\u0414\u0415\u0421\u042c<\/a> (\u043d\u0430 \u044d\u0441\u0442\u043e\u043d\u0441\u043a\u043e\u043c \u044f\u0437\u044b\u043a\u0435).<\/p>\n<p>\u041e\u0431\u0440\u0430\u0449\u0430\u0435\u043c \u0412\u0430\u0448\u0435 \u0432\u043d\u0438\u043c\u0430\u043d\u0438\u0435 \u043d\u0430 \u0442\u043e, \u0447\u0442\u043e \u043e\u043f\u0440\u0435\u0434\u0435\u043b\u0435\u043d\u0438\u0435 \u043e\u0431\u044a\u0435\u043c\u0430 \u0438 \u0441\u0442\u043e\u0438\u043c\u043e\u0441\u0442\u0438 \u043d\u0435\u0437\u0430\u043a\u043e\u043d\u043d\u043e \u0438\u0441\u043f\u043e\u043b\u044c\u0437\u043e\u0432\u0430\u043d\u043d\u044b\u0445 \u0443\u0441\u043b\u0443\u0433 \u0432\u043e\u0434\u043e\u0441\u043d\u0430\u0431\u0436\u0435\u043d\u0438\u044f \u0438 \u043a\u0430\u043d\u0430\u043b\u0438\u0437\u0430\u0446\u0438\u0438 \u043e\u0441\u0443\u0449\u0435\u0441\u0442\u0432\u043b\u044f\u0435\u0442\u0441\u044f \u0432 \u0441\u043e\u043e\u0442\u0432\u0435\u0442\u0441\u0442\u0432\u0438\u0438 \u0441 \u043f\u043e\u0441\u0442\u0430\u043d\u043e\u0432\u043b\u0435\u043d\u0438\u0435\u043c \u043c\u0438\u043d\u0438\u0441\u0442\u0440\u0430 \u043f\u043e \u0432\u043e\u043f\u0440\u043e\u0441\u0430\u043c \u043a\u043b\u0438\u043c\u0430\u0442\u0430. \u0421 \u043f\u043e\u0441\u0442\u0430\u043d\u043e\u0432\u043b\u0435\u043d\u0438\u0435\u043c \u2116 15 \u043c\u043e\u0436\u043d\u043e \u043e\u0437\u043d\u0430\u043a\u043e\u043c\u0438\u0442\u044c\u0441\u044f <a href=\"https:\/\/www.riigiteataja.ee\/akt\/112032024003\" target=\"_blank\" rel=\"noopener noreferrer\">\u0417\u0414\u0415\u0421\u042c<\/a> (\u043d\u0430 \u044d\u0441\u0442\u043e\u043d\u0441\u043a\u043e\u043c \u044f\u0437\u044b\u043a\u0435).<\/p>\n<table style=\"width: 48.5877%;\" width=\"614\">\n<tbody>\n<tr>\n<td style=\"width: 5.83864%;\" width=\"28\">Nr.<\/td>\n<td style=\"width: 65.7284%;\" width=\"406\"><\/td>\n<td style=\"width: 12.4806%;\" width=\"85\">\u0446\u0435\u043d\u0430 \u0431\u0435\u0437 \u041d\u0421\u041e<\/td>\n<td style=\"width: 10.98%;\" width=\"94\">\u0446\u0435\u043d\u0430 \u0441 \u041d\u0421\u041e<\/td>\n<\/tr>\n<tr>\n<td style=\"width: 5.83864%;\" width=\"28\">1.<\/td>\n<td style=\"width: 65.7284%;\" width=\"406\">\u043f\u043b\u0430\u0442\u0430 \u0437\u0430 \u0432\u043e\u0434\u0443 (\u043c3)<\/td>\n<td style=\"width: 12.4806%;\" width=\"85\"><strong>1,782 \u20ac<\/strong><\/td>\n<td style=\"width: 10.98%;\" width=\"94\"><strong>2,174 \u20ac<\/strong><\/td>\n<\/tr>\n<tr>\n<td style=\"width: 5.83864%;\" width=\"28\">2.<\/td>\n<td style=\"width: 65.7284%;\" width=\"406\">\u043f\u043b\u0430\u0442\u0430 \u0437\u0430 \u043e\u0442\u0432\u043e\u0434 \u0438 \u043e\u0447\u0438\u0441\u0442\u043a\u0443 \u0441\u0442\u043e\u0447\u043d\u044b\u0445 \u0432\u043e\u0434, \u0433\u0440\u0443\u043f\u043f\u0430 I (\u043c3)<\/td>\n<td style=\"width: 12.4806%;\" width=\"85\"><strong>2,525 \u20ac<\/strong><\/td>\n<td style=\"width: 10.98%;\" width=\"94\"><strong>3,081 \u20ac<\/strong><\/td>\n<\/tr>\n<tr>\n<td style=\"width: 5.83864%;\" width=\"28\">3.<\/td>\n<td style=\"width: 65.7284%;\" width=\"406\">\u043f\u043b\u0430\u0442\u0430 \u0437\u0430 \u043e\u0442\u0432\u043e\u0434 \u0438 \u043e\u0447\u0438\u0441\u0442\u043a\u0443 \u0441\u0442\u043e\u0447\u043d\u044b\u0445 \u0432\u043e\u0434, \u0433\u0440\u0443\u043f\u043f\u0430 II (\u043c3)<\/td>\n<td style=\"width: 12.4806%;\" width=\"85\"><strong>3,314 \u20ac<\/strong><\/td>\n<td style=\"width: 10.98%;\" width=\"94\"><strong>4,043 \u20ac<\/strong><\/td>\n<\/tr>\n<\/tbody>\n<\/table>\n<p>&nbsp;<\/p>\n<table style=\"width: 92.6227%;\" cellspacing=\"0\" cellpadding=\"0\">\n<tbody>\n<tr>\n<td style=\"width: 9.20466%;\" valign=\"top\"><b>\u00a0<\/b><\/td>\n<td style=\"width: 22.4279%;\" valign=\"top\"><b>\u0418\u043d\u0434\u0438\u043a\u0430\u0442\u043e\u0440 \u0437\u0430\u0433\u0440\u044f\u0437\u043d\u0435\u043d\u0438\u044f<\/b><\/td>\n<td style=\"width: 22.6423%;\" valign=\"top\"><b>I \u0433\u0440\u0443\u043f\u043f\u0430 \u0437\u0430\u0433\u0440\u044f\u0437\u043d\u0435\u043d\u0438\u044f<\/b><\/td>\n<td style=\"width: 22.5242%;\" valign=\"top\"><b>II \u0433\u0440\u0443\u043f\u043f\u0430 \u0437\u0430\u0433\u0440\u044f\u0437\u043d\u0435\u043d\u0438\u044f<\/b><\/td>\n<td style=\"width: 55.3301%;\" valign=\"top\"><b>\u041f\u0440\u0435\u0434\u0435\u043b\u044c\u043d\u043e \u0434\u043e\u043f\u0443\u0441\u0442\u0438\u043c\u0430\u044f \u043a\u043e\u043d\u0446\u0435\u043d\u0442\u0440\u0430\u0446\u0438\u044f<\/b><\/td>\n<\/tr>\n<tr>\n<td style=\"width: 9.20466%;\" valign=\"top\">1<\/td>\n<td style=\"width: 22.4279%;\" valign=\"top\">\u0412\u0437\u0432\u0435\u0448\u0435\u043d\u043d\u044b\u0435 \u0432\u0435\u0449\u0435\u0441\u0442\u0432\u0430 \u043c\u0433\/\u043b<\/td>\n<td style=\"width: 22.6423%;\" valign=\"top\">\u0434\u043e 240<\/td>\n<td style=\"width: 22.5242%;\" valign=\"top\">241-800<\/td>\n<td style=\"width: 55.3301%;\" valign=\"top\">\u0441\u0432\u044b\u0448\u0435 800<\/td>\n<\/tr>\n<tr>\n<td style=\"width: 9.20466%;\" valign=\"top\">2<\/td>\n<td style=\"width: 22.4279%;\" valign=\"top\">BHT7 \u043c\u0433\/\u043b<\/td>\n<td style=\"width: 22.6423%;\" valign=\"top\">\u0434\u043e 600<\/td>\n<td style=\"width: 22.5242%;\" valign=\"top\">601-1400<\/td>\n<td style=\"width: 55.3301%;\" valign=\"top\">\u0441\u0432\u044b\u0448\u0435 1400<\/td>\n<\/tr>\n<tr>\n<td style=\"width: 9.20466%;\" valign=\"top\">3<\/td>\n<td style=\"width: 22.4279%;\" valign=\"top\">\u041e\u0431\u0449\u0438\u0439 \u0444\u043e\u0441\u0444\u043e\u0440 \u043c\u0433\/\u043b<\/td>\n<td style=\"width: 22.6423%;\" valign=\"top\">\u0434\u043e 5<\/td>\n<td style=\"width: 22.5242%;\" valign=\"top\">6-15<\/td>\n<td style=\"width: 55.3301%;\" valign=\"top\">\u0441\u0432\u044b\u0448\u0435 15<\/td>\n<\/tr>\n<tr>\n<td style=\"width: 9.20466%;\" valign=\"top\">4<\/td>\n<td style=\"width: 22.4279%;\" valign=\"top\">\u041e\u0431\u0449\u0438\u0439 \u0430\u0437\u043e\u0442 \u043c\u0433\/\u043b<\/td>\n<td style=\"width: 22.6423%;\" valign=\"top\">\u0434\u043e 25<\/td>\n<td style=\"width: 22.5242%;\" valign=\"top\">26-75<\/td>\n<td style=\"width: 55.3301%;\" valign=\"top\">\u0441\u0432\u044b\u0448\u0435 75<\/td>\n<\/tr>\n<tr>\n<td style=\"width: 9.20466%;\" valign=\"top\">5<\/td>\n<td style=\"width: 22.4279%;\" valign=\"top\">PH<\/td>\n<td style=\"width: 22.6423%;\" valign=\"top\">6,0\u20269,0<\/td>\n<td style=\"width: 22.5242%;\" valign=\"top\">6,0\u20269,0<\/td>\n<td style=\"width: 55.3301%;\" valign=\"top\">\u043d\u0438\u0436\u0435 6,0 \u0438 \u0441\u0432\u044b\u0448\u0435 9,0<\/td>\n<\/tr>\n<tr>\n<td style=\"width: 9.20466%;\" valign=\"top\">6<\/td>\n<td style=\"width: 22.4279%;\" valign=\"top\">\u0416\u0438\u0440\u044b \u043c\u0433\/\u043b<\/td>\n<td style=\"width: 22.6423%;\" valign=\"top\">\u0434\u043e 50<\/td>\n<td style=\"width: 22.5242%;\" valign=\"top\">51-160<\/td>\n<td style=\"width: 55.3301%;\" valign=\"top\">\u0441\u0432\u044b\u0448\u0435 160<\/td>\n<\/tr>\n<tr>\n<td style=\"width: 9.20466%;\" valign=\"top\">7<\/td>\n<td style=\"width: 22.4279%;\" valign=\"top\">\u041d\u0435\u0444\u0442\u0435\u043f\u0440\u043e\u0434\u0443\u043a\u0442\u044b \u043c\u0433\/\u043b<\/td>\n<td style=\"width: 22.6423%;\" valign=\"top\">\u0434\u043e 0,4<\/td>\n<td style=\"width: 22.5242%;\" valign=\"top\">0,5-2<\/td>\n<td style=\"width: 55.3301%;\" valign=\"top\">\u0441\u0432\u044b\u0448\u0435 2<\/td>\n<\/tr>\n<tr>\n<td style=\"width: 9.20466%;\" valign=\"top\">8<\/td>\n<td style=\"width: 22.4279%;\" valign=\"top\">KHT7 \u043c\u0433\/\u043b<\/td>\n<td style=\"width: 22.6423%;\" valign=\"top\">\u0434\u043e 500<\/td>\n<td style=\"width: 22.5242%;\" valign=\"top\">500-1000<\/td>\n<td style=\"width: 55.3301%;\" valign=\"top\">\u0441\u0432\u044b\u0448\u0435 1000<\/td>\n<\/tr>\n<\/tbody>\n<\/table>\n<p>&nbsp;<\/p>\n","protected":false},"excerpt":{"rendered":"<p>\u0420\u0435\u0448\u0435\u043d\u0438\u0435\u043c \u0414\u0435\u043f\u0430\u0440\u0442\u0430\u043c\u0435\u043d\u0442\u0430 \u043a\u043e\u043d\u043a\u0443\u0440\u0435\u043d\u0446\u0438\u0438 \u2116 9-3\/2024-003 \u043e\u0442 28.02.2024 \u0431\u044b\u043b\u0438 \u0443\u0441\u0442\u0430\u043d\u043e\u0432\u043b\u0435\u043d\u044b \u043d\u043e\u0432\u044b\u0435 \u0446\u0435\u043d\u044b \u043d\u0430 \u0443\u0441\u043b\u0443\u0433\u0438 \u0432\u043e\u0434\u043e\u0441\u043d\u0430\u0431\u0436\u0435\u043d\u0438\u044f \u0438 \u043a\u0430\u043d\u0430\u043b\u0438\u0437\u0430\u0446\u0438\u0438 \u043f\u0440\u0435\u0434\u043e\u0441\u0442\u0430\u0432\u043b\u044f\u0435\u043c\u044b\u0435 AS Emaj\u00f5e Veev\u00e4rk. \u041d\u043e\u0432\u044b\u0435 \u0446\u0435\u043d\u044b \u043d\u0430\u0447\u043d\u0443\u0442 \u0434\u0435\u0439\u0441\u0442\u0432\u043e\u0432\u0430\u0442\u044c \u0441 01.04.2024 \u0438 \u0441 \u043d\u0438\u043c\u0438 \u043c\u043e\u0436\u043d\u043e \u043e\u0437\u043d\u0430\u043a\u043e\u043c\u0438\u0442\u044c\u0441\u044f \u0432 \u043f\u0440\u0438\u0432\u0435\u0434\u0435\u043d\u043d\u043e\u0439 \u043d\u0438\u0436\u0435 \u0442\u0430\u0431\u043b\u0438\u0446\u0435. C \u0440\u0435\u0448\u0435\u043d\u0438\u0435\u043c \u0414\u0435\u043f\u0430\u0440\u0442\u0430\u043c\u0435\u043d\u0442\u0430 \u043a\u043e\u043d\u043a\u0443\u0440\u0435\u043d\u0446\u0438\u0438 \u043c\u043e\u0436\u043d\u043e \u043e\u0437\u043d\u0430\u043a\u043e\u043c\u0438\u0442\u044c\u0441\u044f \u0417\u0414\u0415\u0421\u042c (\u043d\u0430 \u044d\u0441\u0442\u043e\u043d\u0441\u043a\u043e\u043c \u044f\u0437\u044b\u043a\u0435). \u041e\u0431\u0440\u0430\u0449\u0430\u0435\u043c \u0412\u0430\u0448\u0435 \u0432\u043d\u0438\u043c\u0430\u043d\u0438\u0435 \u043d\u0430 \u0442\u043e, \u0447\u0442\u043e \u043e\u043f\u0440\u0435\u0434\u0435\u043b\u0435\u043d\u0438\u0435 \u043e\u0431\u044a\u0435\u043c\u0430 \u0438 \u0441\u0442\u043e\u0438\u043c\u043e\u0441\u0442\u0438 [&hellip;]<\/p>\n","protected":false},"author":18,"featured_media":0,"parent":3396,"menu_order":2,"comment_status":"closed","ping_status":"closed","template":"","meta":{"footnotes":"","_links_to":"","_links_to_target":""},"class_list":["post-9540","page","type-page","status-publish","hentry"],"yoast_head":"<!-- This site is optimized with the Yoast SEO plugin v24.9 - https:\/\/yoast.com\/wordpress\/plugins\/seo\/ -->\n<title>\u041f\u0440\u0435\u0439\u0441\u043a\u0443\u0440\u0430\u043d\u0442 \u0443\u0441\u043b\u0443\u0433 \u0432\u043e\u0434\u043e\u0441\u043d\u0430\u0431\u0436\u0435\u043d\u0438\u044f \u0438 \u043a\u0430\u043d\u0430\u043b\u0438\u0437\u0430\u0446\u0438\u0438 - Emaj\u00f5e Veev\u00e4rk<\/title>\n<meta name=\"robots\" content=\"index, follow, max-snippet:-1, max-image-preview:large, max-video-preview:-1\" \/>\n<link rel=\"canonical\" href=\"https:\/\/php83.evv.ee\/kliendile\/hinnakiri-ja-arvete-tasumine\/veeteenuse-hinnakiri\/\" \/>\n<meta property=\"og:locale\" content=\"ru_RU\" \/>\n<meta property=\"og:type\" content=\"article\" \/>\n<meta property=\"og:title\" content=\"\u041f\u0440\u0435\u0439\u0441\u043a\u0443\u0440\u0430\u043d\u0442 \u0443\u0441\u043b\u0443\u0433 \u0432\u043e\u0434\u043e\u0441\u043d\u0430\u0431\u0436\u0435\u043d\u0438\u044f \u0438 \u043a\u0430\u043d\u0430\u043b\u0438\u0437\u0430\u0446\u0438\u0438 - Emaj\u00f5e Veev\u00e4rk\" \/>\n<meta property=\"og:description\" content=\"\u0420\u0435\u0448\u0435\u043d\u0438\u0435\u043c \u0414\u0435\u043f\u0430\u0440\u0442\u0430\u043c\u0435\u043d\u0442\u0430 \u043a\u043e\u043d\u043a\u0443\u0440\u0435\u043d\u0446\u0438\u0438 \u2116 9-3\/2024-003 \u043e\u0442 28.02.2024 \u0431\u044b\u043b\u0438 \u0443\u0441\u0442\u0430\u043d\u043e\u0432\u043b\u0435\u043d\u044b \u043d\u043e\u0432\u044b\u0435 \u0446\u0435\u043d\u044b \u043d\u0430 \u0443\u0441\u043b\u0443\u0433\u0438 \u0432\u043e\u0434\u043e\u0441\u043d\u0430\u0431\u0436\u0435\u043d\u0438\u044f \u0438 \u043a\u0430\u043d\u0430\u043b\u0438\u0437\u0430\u0446\u0438\u0438 \u043f\u0440\u0435\u0434\u043e\u0441\u0442\u0430\u0432\u043b\u044f\u0435\u043c\u044b\u0435 AS Emaj\u00f5e Veev\u00e4rk. \u041d\u043e\u0432\u044b\u0435 \u0446\u0435\u043d\u044b \u043d\u0430\u0447\u043d\u0443\u0442 \u0434\u0435\u0439\u0441\u0442\u0432\u043e\u0432\u0430\u0442\u044c \u0441 01.04.2024 \u0438 \u0441 \u043d\u0438\u043c\u0438 \u043c\u043e\u0436\u043d\u043e \u043e\u0437\u043d\u0430\u043a\u043e\u043c\u0438\u0442\u044c\u0441\u044f \u0432 \u043f\u0440\u0438\u0432\u0435\u0434\u0435\u043d\u043d\u043e\u0439 \u043d\u0438\u0436\u0435 \u0442\u0430\u0431\u043b\u0438\u0446\u0435. C \u0440\u0435\u0448\u0435\u043d\u0438\u0435\u043c \u0414\u0435\u043f\u0430\u0440\u0442\u0430\u043c\u0435\u043d\u0442\u0430 \u043a\u043e\u043d\u043a\u0443\u0440\u0435\u043d\u0446\u0438\u0438 \u043c\u043e\u0436\u043d\u043e \u043e\u0437\u043d\u0430\u043a\u043e\u043c\u0438\u0442\u044c\u0441\u044f \u0417\u0414\u0415\u0421\u042c (\u043d\u0430 \u044d\u0441\u0442\u043e\u043d\u0441\u043a\u043e\u043c \u044f\u0437\u044b\u043a\u0435). \u041e\u0431\u0440\u0430\u0449\u0430\u0435\u043c \u0412\u0430\u0448\u0435 \u0432\u043d\u0438\u043c\u0430\u043d\u0438\u0435 \u043d\u0430 \u0442\u043e, \u0447\u0442\u043e \u043e\u043f\u0440\u0435\u0434\u0435\u043b\u0435\u043d\u0438\u0435 \u043e\u0431\u044a\u0435\u043c\u0430 \u0438 \u0441\u0442\u043e\u0438\u043c\u043e\u0441\u0442\u0438 [&hellip;]\" \/>\n<meta property=\"og:url\" content=\"https:\/\/php83.evv.ee\/kliendile\/hinnakiri-ja-arvete-tasumine\/veeteenuse-hinnakiri\/\" \/>\n<meta property=\"og:site_name\" content=\"Emaj\u00f5e Veev\u00e4rk\" \/>\n<meta property=\"article:modified_time\" content=\"2024-03-18T09:08:22+00:00\" \/>\n<meta name=\"twitter:card\" content=\"summary_large_image\" \/>\n<script type=\"application\/ld+json\" class=\"yoast-schema-graph\">{\"@context\":\"https:\/\/schema.org\",\"@graph\":[{\"@type\":\"WebPage\",\"@id\":\"https:\/\/php83.evv.ee\/kliendile\/hinnakiri-ja-arvete-tasumine\/veeteenuse-hinnakiri\/\",\"url\":\"https:\/\/php83.evv.ee\/kliendile\/hinnakiri-ja-arvete-tasumine\/veeteenuse-hinnakiri\/\",\"name\":\"\u041f\u0440\u0435\u0439\u0441\u043a\u0443\u0440\u0430\u043d\u0442 \u0443\u0441\u043b\u0443\u0433 \u0432\u043e\u0434\u043e\u0441\u043d\u0430\u0431\u0436\u0435\u043d\u0438\u044f \u0438 \u043a\u0430\u043d\u0430\u043b\u0438\u0437\u0430\u0446\u0438\u0438 - Emaj\u00f5e Veev\u00e4rk\",\"isPartOf\":{\"@id\":\"https:\/\/php83.evv.ee\/#website\"},\"datePublished\":\"2024-03-11T10:04:15+00:00\",\"dateModified\":\"2024-03-18T09:08:22+00:00\",\"breadcrumb\":{\"@id\":\"https:\/\/php83.evv.ee\/kliendile\/hinnakiri-ja-arvete-tasumine\/veeteenuse-hinnakiri\/#breadcrumb\"},\"inLanguage\":\"ru-RU\",\"potentialAction\":[{\"@type\":\"ReadAction\",\"target\":[\"https:\/\/php83.evv.ee\/kliendile\/hinnakiri-ja-arvete-tasumine\/veeteenuse-hinnakiri\/\"]}]},{\"@type\":\"BreadcrumbList\",\"@id\":\"https:\/\/php83.evv.ee\/kliendile\/hinnakiri-ja-arvete-tasumine\/veeteenuse-hinnakiri\/#breadcrumb\",\"itemListElement\":[{\"@type\":\"ListItem\",\"position\":1,\"name\":\"Home\",\"item\":\"https:\/\/php83.evv.ee\/ru\/\"},{\"@type\":\"ListItem\",\"position\":2,\"name\":\"\u041a\u043b\u0438\u0435\u043d\u0442\u0430\u043c\",\"item\":\"https:\/\/php83.evv.ee\/kliendile\/\"},{\"@type\":\"ListItem\",\"position\":3,\"name\":\"\u041f\u0440\u0435\u0439\u0441\u043a\u0443\u0440\u0430\u043d\u0442 \u0438 \u043e\u043f\u043b\u0430\u0442\u0430 \u0441\u0447\u0435\u0442\u043e\u0432\",\"item\":\"https:\/\/php83.evv.ee\/kliendile\/hinnakiri-ja-arvete-tasumine\/\"},{\"@type\":\"ListItem\",\"position\":4,\"name\":\"\u041f\u0440\u0435\u0439\u0441\u043a\u0443\u0440\u0430\u043d\u0442 \u0443\u0441\u043b\u0443\u0433 \u0432\u043e\u0434\u043e\u0441\u043d\u0430\u0431\u0436\u0435\u043d\u0438\u044f \u0438 \u043a\u0430\u043d\u0430\u043b\u0438\u0437\u0430\u0446\u0438\u0438\"}]},{\"@type\":\"WebSite\",\"@id\":\"https:\/\/php83.evv.ee\/#website\",\"url\":\"https:\/\/php83.evv.ee\/\",\"name\":\"Emaj\u00f5e Veev\u00e4rk\",\"description\":\"Kvaliteetne veeteenus\",\"potentialAction\":[{\"@type\":\"SearchAction\",\"target\":{\"@type\":\"EntryPoint\",\"urlTemplate\":\"https:\/\/php83.evv.ee\/?s={search_term_string}\"},\"query-input\":{\"@type\":\"PropertyValueSpecification\",\"valueRequired\":true,\"valueName\":\"search_term_string\"}}],\"inLanguage\":\"ru-RU\"}]}<\/script>\n<!-- \/ Yoast SEO plugin. -->","yoast_head_json":{"title":"\u041f\u0440\u0435\u0439\u0441\u043a\u0443\u0440\u0430\u043d\u0442 \u0443\u0441\u043b\u0443\u0433 \u0432\u043e\u0434\u043e\u0441\u043d\u0430\u0431\u0436\u0435\u043d\u0438\u044f \u0438 \u043a\u0430\u043d\u0430\u043b\u0438\u0437\u0430\u0446\u0438\u0438 - Emaj\u00f5e Veev\u00e4rk","robots":{"index":"index","follow":"follow","max-snippet":"max-snippet:-1","max-image-preview":"max-image-preview:large","max-video-preview":"max-video-preview:-1"},"canonical":"https:\/\/php83.evv.ee\/kliendile\/hinnakiri-ja-arvete-tasumine\/veeteenuse-hinnakiri\/","og_locale":"ru_RU","og_type":"article","og_title":"\u041f\u0440\u0435\u0439\u0441\u043a\u0443\u0440\u0430\u043d\u0442 \u0443\u0441\u043b\u0443\u0433 \u0432\u043e\u0434\u043e\u0441\u043d\u0430\u0431\u0436\u0435\u043d\u0438\u044f \u0438 \u043a\u0430\u043d\u0430\u043b\u0438\u0437\u0430\u0446\u0438\u0438 - Emaj\u00f5e Veev\u00e4rk","og_description":"\u0420\u0435\u0448\u0435\u043d\u0438\u0435\u043c \u0414\u0435\u043f\u0430\u0440\u0442\u0430\u043c\u0435\u043d\u0442\u0430 \u043a\u043e\u043d\u043a\u0443\u0440\u0435\u043d\u0446\u0438\u0438 \u2116 9-3\/2024-003 \u043e\u0442 28.02.2024 \u0431\u044b\u043b\u0438 \u0443\u0441\u0442\u0430\u043d\u043e\u0432\u043b\u0435\u043d\u044b \u043d\u043e\u0432\u044b\u0435 \u0446\u0435\u043d\u044b \u043d\u0430 \u0443\u0441\u043b\u0443\u0433\u0438 \u0432\u043e\u0434\u043e\u0441\u043d\u0430\u0431\u0436\u0435\u043d\u0438\u044f \u0438 \u043a\u0430\u043d\u0430\u043b\u0438\u0437\u0430\u0446\u0438\u0438 \u043f\u0440\u0435\u0434\u043e\u0441\u0442\u0430\u0432\u043b\u044f\u0435\u043c\u044b\u0435 AS Emaj\u00f5e Veev\u00e4rk. \u041d\u043e\u0432\u044b\u0435 \u0446\u0435\u043d\u044b \u043d\u0430\u0447\u043d\u0443\u0442 \u0434\u0435\u0439\u0441\u0442\u0432\u043e\u0432\u0430\u0442\u044c \u0441 01.04.2024 \u0438 \u0441 \u043d\u0438\u043c\u0438 \u043c\u043e\u0436\u043d\u043e \u043e\u0437\u043d\u0430\u043a\u043e\u043c\u0438\u0442\u044c\u0441\u044f \u0432 \u043f\u0440\u0438\u0432\u0435\u0434\u0435\u043d\u043d\u043e\u0439 \u043d\u0438\u0436\u0435 \u0442\u0430\u0431\u043b\u0438\u0446\u0435. C \u0440\u0435\u0448\u0435\u043d\u0438\u0435\u043c \u0414\u0435\u043f\u0430\u0440\u0442\u0430\u043c\u0435\u043d\u0442\u0430 \u043a\u043e\u043d\u043a\u0443\u0440\u0435\u043d\u0446\u0438\u0438 \u043c\u043e\u0436\u043d\u043e \u043e\u0437\u043d\u0430\u043a\u043e\u043c\u0438\u0442\u044c\u0441\u044f \u0417\u0414\u0415\u0421\u042c (\u043d\u0430 \u044d\u0441\u0442\u043e\u043d\u0441\u043a\u043e\u043c \u044f\u0437\u044b\u043a\u0435). \u041e\u0431\u0440\u0430\u0449\u0430\u0435\u043c \u0412\u0430\u0448\u0435 \u0432\u043d\u0438\u043c\u0430\u043d\u0438\u0435 \u043d\u0430 \u0442\u043e, \u0447\u0442\u043e \u043e\u043f\u0440\u0435\u0434\u0435\u043b\u0435\u043d\u0438\u0435 \u043e\u0431\u044a\u0435\u043c\u0430 \u0438 \u0441\u0442\u043e\u0438\u043c\u043e\u0441\u0442\u0438 [&hellip;]","og_url":"https:\/\/php83.evv.ee\/kliendile\/hinnakiri-ja-arvete-tasumine\/veeteenuse-hinnakiri\/","og_site_name":"Emaj\u00f5e Veev\u00e4rk","article_modified_time":"2024-03-18T09:08:22+00:00","twitter_card":"summary_large_image","schema":{"@context":"https:\/\/schema.org","@graph":[{"@type":"WebPage","@id":"https:\/\/php83.evv.ee\/kliendile\/hinnakiri-ja-arvete-tasumine\/veeteenuse-hinnakiri\/","url":"https:\/\/php83.evv.ee\/kliendile\/hinnakiri-ja-arvete-tasumine\/veeteenuse-hinnakiri\/","name":"\u041f\u0440\u0435\u0439\u0441\u043a\u0443\u0440\u0430\u043d\u0442 \u0443\u0441\u043b\u0443\u0433 \u0432\u043e\u0434\u043e\u0441\u043d\u0430\u0431\u0436\u0435\u043d\u0438\u044f \u0438 \u043a\u0430\u043d\u0430\u043b\u0438\u0437\u0430\u0446\u0438\u0438 - Emaj\u00f5e Veev\u00e4rk","isPartOf":{"@id":"https:\/\/php83.evv.ee\/#website"},"datePublished":"2024-03-11T10:04:15+00:00","dateModified":"2024-03-18T09:08:22+00:00","breadcrumb":{"@id":"https:\/\/php83.evv.ee\/kliendile\/hinnakiri-ja-arvete-tasumine\/veeteenuse-hinnakiri\/#breadcrumb"},"inLanguage":"ru-RU","potentialAction":[{"@type":"ReadAction","target":["https:\/\/php83.evv.ee\/kliendile\/hinnakiri-ja-arvete-tasumine\/veeteenuse-hinnakiri\/"]}]},{"@type":"BreadcrumbList","@id":"https:\/\/php83.evv.ee\/kliendile\/hinnakiri-ja-arvete-tasumine\/veeteenuse-hinnakiri\/#breadcrumb","itemListElement":[{"@type":"ListItem","position":1,"name":"Home","item":"https:\/\/php83.evv.ee\/ru\/"},{"@type":"ListItem","position":2,"name":"\u041a\u043b\u0438\u0435\u043d\u0442\u0430\u043c","item":"https:\/\/php83.evv.ee\/kliendile\/"},{"@type":"ListItem","position":3,"name":"\u041f\u0440\u0435\u0439\u0441\u043a\u0443\u0440\u0430\u043d\u0442 \u0438 \u043e\u043f\u043b\u0430\u0442\u0430 \u0441\u0447\u0435\u0442\u043e\u0432","item":"https:\/\/php83.evv.ee\/kliendile\/hinnakiri-ja-arvete-tasumine\/"},{"@type":"ListItem","position":4,"name":"\u041f\u0440\u0435\u0439\u0441\u043a\u0443\u0440\u0430\u043d\u0442 \u0443\u0441\u043b\u0443\u0433 \u0432\u043e\u0434\u043e\u0441\u043d\u0430\u0431\u0436\u0435\u043d\u0438\u044f \u0438 \u043a\u0430\u043d\u0430\u043b\u0438\u0437\u0430\u0446\u0438\u0438"}]},{"@type":"WebSite","@id":"https:\/\/php83.evv.ee\/#website","url":"https:\/\/php83.evv.ee\/","name":"Emaj\u00f5e Veev\u00e4rk","description":"Kvaliteetne veeteenus","potentialAction":[{"@type":"SearchAction","target":{"@type":"EntryPoint","urlTemplate":"https:\/\/php83.evv.ee\/?s={search_term_string}"},"query-input":{"@type":"PropertyValueSpecification","valueRequired":true,"valueName":"search_term_string"}}],"inLanguage":"ru-RU"}]}},"_links":{"self":[{"href":"https:\/\/php83.evv.ee\/ru\/wp-json\/wp\/v2\/pages\/9540","targetHints":{"allow":["GET"]}}],"collection":[{"href":"https:\/\/php83.evv.ee\/ru\/wp-json\/wp\/v2\/pages"}],"about":[{"href":"https:\/\/php83.evv.ee\/ru\/wp-json\/wp\/v2\/types\/page"}],"author":[{"embeddable":true,"href":"https:\/\/php83.evv.ee\/ru\/wp-json\/wp\/v2\/users\/18"}],"replies":[{"embeddable":true,"href":"https:\/\/php83.evv.ee\/ru\/wp-json\/wp\/v2\/comments?post=9540"}],"version-history":[{"count":11,"href":"https:\/\/php83.evv.ee\/ru\/wp-json\/wp\/v2\/pages\/9540\/revisions"}],"predecessor-version":[{"id":9588,"href":"https:\/\/php83.evv.ee\/ru\/wp-json\/wp\/v2\/pages\/9540\/revisions\/9588"}],"up":[{"embeddable":true,"href":"https:\/\/php83.evv.ee\/ru\/wp-json\/wp\/v2\/pages\/3396"}],"wp:attachment":[{"href":"https:\/\/php83.evv.ee\/ru\/wp-json\/wp\/v2\/media?parent=9540"}],"curies":[{"name":"wp","href":"https:\/\/api.w.org\/{rel}","templated":true}]}}